{"id":8080,"date":"2026-02-21T12:37:23","date_gmt":"2026-02-21T17:37:23","guid":{"rendered":"https:\/\/paratex.ca\/?post_type=product&#038;p=8080"},"modified":"2026-02-21T12:38:19","modified_gmt":"2026-02-21T17:38:19","slug":"king-42-x-46-t-200-blanco-copie","status":"publish","type":"product","link":"https:\/\/paratex.ca\/es\/produit\/king-42-x-46-t-200-blanco-copie\/","title":{"rendered":"KING 42 X 46 T-200 BLANCO (Copie)"},"content":{"rendered":"<p>Las s\u00e1banas y fundas de almohada Eurocale est\u00e1n dise\u00f1adas para soportar lavados frecuentes en lavander\u00edas comerciales. Puedes comprar productos de calidad Eurocale en Paratex y beneficiarte de la mejor relaci\u00f3n calidad-precio.<\/p>\n<p>T200  <\/p>\n<p>60% algod\u00f3n\/40% poli\u00e9ster<\/p>\n<p>Fabricado en China<\/p>\n","protected":false},"excerpt":{"rendered":"<p>Las s\u00e1banas y fundas de almohada Eurocale est\u00e1n dise\u00f1adas para soportar lavados frecuentes en lavander\u00edas comerciales. Puedes comprar productos de calidad Eurocale en Paratex y beneficiarte de la mejor relaci\u00f3n&#8230;<\/p>\n","protected":false},"featured_media":4887,"template":"","meta":[],"product_brand":[],"product_cat":[363,115,355],"product_tag":[],"class_list":{"0":"post-8080","1":"product","2":"type-product","3":"status-publish","4":"has-post-thumbnail","6":"product_cat-fundas-de-almohada300","7":"product_cat-recamara","8":"product_cat-ropa-de-cama-eurocale-t-300-precio-por-docena","10":"first","11":"instock","12":"shipping-taxable","13":"purchasable","14":"product-type-simple"},"yoast_head":"<!-- This site is optimized with the Yoast SEO plugin v27.4 - https:\/\/yoast.com\/product\/yoast-seo-wordpress\/ -->\n<title>KING 42 X 46 T-200 BLANCO (Copie) - Paratex<\/title>\n<meta name=\"description\" content=\"KING 42 X 46 T-200 BLANCO\" \/>\n<meta name=\"robots\" content=\"index, follow, max-snippet:-1, max-image-preview:large, max-video-preview:-1\" \/>\n<link rel=\"canonical\" href=\"https:\/\/paratex.ca\/es\/produit\/king-42-x-46-t-200-blanco-copie\/\" \/>\n<meta property=\"og:locale\" content=\"es_ES\" \/>\n<meta property=\"og:type\" content=\"article\" \/>\n<meta property=\"og:title\" content=\"KING 42 X 46 T-200 BLANCO\" \/>\n<meta property=\"og:description\" content=\"KING 42 X 46 T-200 BLANCO\" \/>\n<meta property=\"og:url\" content=\"https:\/\/paratex.ca\/es\/produit\/king-42-x-46-t-200-blanco-copie\/\" \/>\n<meta property=\"og:site_name\" content=\"Paratex\" \/>\n<meta property=\"article:modified_time\" content=\"2026-02-21T17:38:19+00:00\" \/>\n<meta property=\"og:image\" content=\"https:\/\/paratex.ca\/wp-content\/uploads\/2024\/11\/taie_king_42_x_46_t_200_blanc4.jpg\" \/>\n\t<meta property=\"og:image:width\" content=\"1200\" \/>\n\t<meta property=\"og:image:height\" content=\"1026\" \/>\n\t<meta property=\"og:image:type\" content=\"image\/jpeg\" \/>\n<meta name=\"twitter:card\" content=\"summary_large_image\" \/>\n<script type=\"application\/ld+json\" class=\"yoast-schema-graph\">{\"@context\":\"https:\\\/\\\/schema.org\",\"@graph\":[{\"@type\":\"WebPage\",\"@id\":\"https:\\\/\\\/paratex.ca\\\/es\\\/produit\\\/king-42-x-46-t-200-blanco-copie\\\/\",\"url\":\"https:\\\/\\\/paratex.ca\\\/es\\\/produit\\\/king-42-x-46-t-200-blanco-copie\\\/\",\"name\":\"KING 42 X 46 T-200 BLANCO (Copie) - Paratex\",\"isPartOf\":{\"@id\":\"https:\\\/\\\/paratex.ca\\\/es\\\/#website\"},\"primaryImageOfPage\":{\"@id\":\"https:\\\/\\\/paratex.ca\\\/es\\\/produit\\\/king-42-x-46-t-200-blanco-copie\\\/#primaryimage\"},\"image\":{\"@id\":\"https:\\\/\\\/paratex.ca\\\/es\\\/produit\\\/king-42-x-46-t-200-blanco-copie\\\/#primaryimage\"},\"thumbnailUrl\":\"https:\\\/\\\/paratex.ca\\\/wp-content\\\/uploads\\\/2024\\\/11\\\/taie_king_42_x_46_t_200_blanc4.jpg\",\"datePublished\":\"2026-02-21T17:37:23+00:00\",\"dateModified\":\"2026-02-21T17:38:19+00:00\",\"description\":\"KING 42 X 46 T-200 BLANCO\",\"breadcrumb\":{\"@id\":\"https:\\\/\\\/paratex.ca\\\/es\\\/produit\\\/king-42-x-46-t-200-blanco-copie\\\/#breadcrumb\"},\"inLanguage\":\"es\",\"potentialAction\":[{\"@type\":\"ReadAction\",\"target\":[\"https:\\\/\\\/paratex.ca\\\/es\\\/produit\\\/king-42-x-46-t-200-blanco-copie\\\/\"]}]},{\"@type\":\"ImageObject\",\"inLanguage\":\"es\",\"@id\":\"https:\\\/\\\/paratex.ca\\\/es\\\/produit\\\/king-42-x-46-t-200-blanco-copie\\\/#primaryimage\",\"url\":\"https:\\\/\\\/paratex.ca\\\/wp-content\\\/uploads\\\/2024\\\/11\\\/taie_king_42_x_46_t_200_blanc4.jpg\",\"contentUrl\":\"https:\\\/\\\/paratex.ca\\\/wp-content\\\/uploads\\\/2024\\\/11\\\/taie_king_42_x_46_t_200_blanc4.jpg\",\"width\":1200,\"height\":1026,\"caption\":\"KING 42 X 46 T-200 BLANCO\"},{\"@type\":\"BreadcrumbList\",\"@id\":\"https:\\\/\\\/paratex.ca\\\/es\\\/produit\\\/king-42-x-46-t-200-blanco-copie\\\/#breadcrumb\",\"itemListElement\":[{\"@type\":\"ListItem\",\"position\":1,\"name\":\"Accueil\",\"item\":\"https:\\\/\\\/paratex.ca\\\/es\\\/\"},{\"@type\":\"ListItem\",\"position\":2,\"name\":\"Tienda\",\"item\":\"https:\\\/\\\/paratex.ca\\\/es\\\/tienda\\\/\"},{\"@type\":\"ListItem\",\"position\":3,\"name\":\"KING 42 X 46 T-200 BLANCO (Copie)\"}]},{\"@type\":\"WebSite\",\"@id\":\"https:\\\/\\\/paratex.ca\\\/es\\\/#website\",\"url\":\"https:\\\/\\\/paratex.ca\\\/es\\\/\",\"name\":\"Paratex\",\"description\":\"Distributeur de produits h\u00f4teliers\",\"publisher\":{\"@id\":\"https:\\\/\\\/paratex.ca\\\/es\\\/#organization\"},\"potentialAction\":[{\"@type\":\"SearchAction\",\"target\":{\"@type\":\"EntryPoint\",\"urlTemplate\":\"https:\\\/\\\/paratex.ca\\\/es\\\/?s={search_term_string}\"},\"query-input\":{\"@type\":\"PropertyValueSpecification\",\"valueRequired\":true,\"valueName\":\"search_term_string\"}}],\"inLanguage\":\"es\"},{\"@type\":\"Organization\",\"@id\":\"https:\\\/\\\/paratex.ca\\\/es\\\/#organization\",\"name\":\"Paratex, Distributeur de produits h\u00f4teliers\",\"url\":\"https:\\\/\\\/paratex.ca\\\/es\\\/\",\"logo\":{\"@type\":\"ImageObject\",\"inLanguage\":\"es\",\"@id\":\"https:\\\/\\\/paratex.ca\\\/es\\\/#\\\/schema\\\/logo\\\/image\\\/\",\"url\":\"https:\\\/\\\/paratex.ca\\\/wp-content\\\/uploads\\\/2024\\\/12\\\/open-graph-paratex.jpg\",\"contentUrl\":\"https:\\\/\\\/paratex.ca\\\/wp-content\\\/uploads\\\/2024\\\/12\\\/open-graph-paratex.jpg\",\"width\":1200,\"height\":600,\"caption\":\"Paratex, Distributeur de produits h\u00f4teliers\"},\"image\":{\"@id\":\"https:\\\/\\\/paratex.ca\\\/es\\\/#\\\/schema\\\/logo\\\/image\\\/\"}}]}<\/script>\n<!-- \/ Yoast SEO plugin. -->","yoast_head_json":{"title":"KING 42 X 46 T-200 BLANCO (Copie) - Paratex","description":"KING 42 X 46 T-200 BLANCO","robots":{"index":"index","follow":"follow","max-snippet":"max-snippet:-1","max-image-preview":"max-image-preview:large","max-video-preview":"max-video-preview:-1"},"canonical":"https:\/\/paratex.ca\/es\/produit\/king-42-x-46-t-200-blanco-copie\/","og_locale":"es_ES","og_type":"article","og_title":"KING 42 X 46 T-200 BLANCO","og_description":"KING 42 X 46 T-200 BLANCO","og_url":"https:\/\/paratex.ca\/es\/produit\/king-42-x-46-t-200-blanco-copie\/","og_site_name":"Paratex","article_modified_time":"2026-02-21T17:38:19+00:00","og_image":[{"width":1200,"height":1026,"url":"https:\/\/paratex.ca\/wp-content\/uploads\/2024\/11\/taie_king_42_x_46_t_200_blanc4.jpg","type":"image\/jpeg"}],"twitter_card":"summary_large_image","schema":{"@context":"https:\/\/schema.org","@graph":[{"@type":"WebPage","@id":"https:\/\/paratex.ca\/es\/produit\/king-42-x-46-t-200-blanco-copie\/","url":"https:\/\/paratex.ca\/es\/produit\/king-42-x-46-t-200-blanco-copie\/","name":"KING 42 X 46 T-200 BLANCO (Copie) - Paratex","isPartOf":{"@id":"https:\/\/paratex.ca\/es\/#website"},"primaryImageOfPage":{"@id":"https:\/\/paratex.ca\/es\/produit\/king-42-x-46-t-200-blanco-copie\/#primaryimage"},"image":{"@id":"https:\/\/paratex.ca\/es\/produit\/king-42-x-46-t-200-blanco-copie\/#primaryimage"},"thumbnailUrl":"https:\/\/paratex.ca\/wp-content\/uploads\/2024\/11\/taie_king_42_x_46_t_200_blanc4.jpg","datePublished":"2026-02-21T17:37:23+00:00","dateModified":"2026-02-21T17:38:19+00:00","description":"KING 42 X 46 T-200 BLANCO","breadcrumb":{"@id":"https:\/\/paratex.ca\/es\/produit\/king-42-x-46-t-200-blanco-copie\/#breadcrumb"},"inLanguage":"es","potentialAction":[{"@type":"ReadAction","target":["https:\/\/paratex.ca\/es\/produit\/king-42-x-46-t-200-blanco-copie\/"]}]},{"@type":"ImageObject","inLanguage":"es","@id":"https:\/\/paratex.ca\/es\/produit\/king-42-x-46-t-200-blanco-copie\/#primaryimage","url":"https:\/\/paratex.ca\/wp-content\/uploads\/2024\/11\/taie_king_42_x_46_t_200_blanc4.jpg","contentUrl":"https:\/\/paratex.ca\/wp-content\/uploads\/2024\/11\/taie_king_42_x_46_t_200_blanc4.jpg","width":1200,"height":1026,"caption":"KING 42 X 46 T-200 BLANCO"},{"@type":"BreadcrumbList","@id":"https:\/\/paratex.ca\/es\/produit\/king-42-x-46-t-200-blanco-copie\/#breadcrumb","itemListElement":[{"@type":"ListItem","position":1,"name":"Accueil","item":"https:\/\/paratex.ca\/es\/"},{"@type":"ListItem","position":2,"name":"Tienda","item":"https:\/\/paratex.ca\/es\/tienda\/"},{"@type":"ListItem","position":3,"name":"KING 42 X 46 T-200 BLANCO (Copie)"}]},{"@type":"WebSite","@id":"https:\/\/paratex.ca\/es\/#website","url":"https:\/\/paratex.ca\/es\/","name":"Paratex","description":"Distributeur de produits h\u00f4teliers","publisher":{"@id":"https:\/\/paratex.ca\/es\/#organization"},"potentialAction":[{"@type":"SearchAction","target":{"@type":"EntryPoint","urlTemplate":"https:\/\/paratex.ca\/es\/?s={search_term_string}"},"query-input":{"@type":"PropertyValueSpecification","valueRequired":true,"valueName":"search_term_string"}}],"inLanguage":"es"},{"@type":"Organization","@id":"https:\/\/paratex.ca\/es\/#organization","name":"Paratex, Distributeur de produits h\u00f4teliers","url":"https:\/\/paratex.ca\/es\/","logo":{"@type":"ImageObject","inLanguage":"es","@id":"https:\/\/paratex.ca\/es\/#\/schema\/logo\/image\/","url":"https:\/\/paratex.ca\/wp-content\/uploads\/2024\/12\/open-graph-paratex.jpg","contentUrl":"https:\/\/paratex.ca\/wp-content\/uploads\/2024\/12\/open-graph-paratex.jpg","width":1200,"height":600,"caption":"Paratex, Distributeur de produits h\u00f4teliers"},"image":{"@id":"https:\/\/paratex.ca\/es\/#\/schema\/logo\/image\/"}}]}},"_links":{"self":[{"href":"https:\/\/paratex.ca\/es\/wp-json\/wp\/v2\/product\/8080","targetHints":{"allow":["GET"]}}],"collection":[{"href":"https:\/\/paratex.ca\/es\/wp-json\/wp\/v2\/product"}],"about":[{"href":"https:\/\/paratex.ca\/es\/wp-json\/wp\/v2\/types\/product"}],"wp:featuredmedia":[{"embeddable":true,"href":"https:\/\/paratex.ca\/es\/wp-json\/wp\/v2\/media\/4887"}],"wp:attachment":[{"href":"https:\/\/paratex.ca\/es\/wp-json\/wp\/v2\/media?parent=8080"}],"wp:term":[{"taxonomy":"product_brand","embeddable":true,"href":"https:\/\/paratex.ca\/es\/wp-json\/wp\/v2\/product_brand?post=8080"},{"taxonomy":"product_cat","embeddable":true,"href":"https:\/\/paratex.ca\/es\/wp-json\/wp\/v2\/product_cat?post=8080"},{"taxonomy":"product_tag","embeddable":true,"href":"https:\/\/paratex.ca\/es\/wp-json\/wp\/v2\/product_tag?post=8080"}],"curies":[{"name":"wp","href":"https:\/\/api.w.org\/{rel}","templated":true}]}}