{"id":5987,"date":"2024-11-15T08:59:25","date_gmt":"2024-11-15T13:59:25","guid":{"rendered":"https:\/\/paratex.ca\/produit\/funda-de-almohada-tamano-king-thomaston-180-fils-50-50-poliester-algodon-made-in-usa\/"},"modified":"2024-11-15T08:59:25","modified_gmt":"2024-11-15T13:59:25","slug":"funda-de-almohada-tamano-king-thomaston-180-fils-50-50-poliester-algodon-made-in-usa","status":"publish","type":"product","link":"https:\/\/paratex.ca\/es\/produit\/funda-de-almohada-tamano-king-thomaston-180-fils-50-50-poliester-algodon-made-in-usa\/","title":{"rendered":"Funda de almohada tama\u00f1o King THOMASTON 180 FILS 50\/50 poli\u00e9ster\/algod\u00f3n, made in USA"},"content":{"rendered":"<p>Las s\u00e1banas y fundas de almohada Thomaston est\u00e1n dise\u00f1adas para soportar lavados frecuentes en lavander\u00edas comerciales. Es importante elegir la ropa de cama con cuidado para que resista los rigores del lavado institucional y evitar la formaci\u00f3n de bolitas o el encogimiento excesivo. Puedes comprar productos de calidad Thomaston de Paratex para evitar sustituciones frecuentes y costosas.<\/p>\n<p>T180  <\/p>\n<p>50% algod\u00f3n\/50% poli\u00e9ster<\/p>\n<p>Fabricado en EE.UU.<\/p>\n<p>Entre un 10 y un 15% m\u00e1s pesado que la mayor\u00eda de los T-180 importados<\/p>\n<p>Cada lote se inspecciona cuidadosamente para comprobar su suavidad<\/p>\n<p>Blancos brillantes y matices de color controlados por espectrofot\u00f3metro<\/p>\n<p>Percal de lujo con la mejor relaci\u00f3n calidad-precio<\/p>\n<p>*** Otras gamas de hojas tambi\u00e9n disponibles<\/p>\n","protected":false},"excerpt":{"rendered":"<p>Las s\u00e1banas y fundas de almohada Thomaston est\u00e1n dise\u00f1adas para soportar lavados frecuentes en lavander\u00edas comerciales. Es importante elegir la ropa de cama con cuidado para que resista los rigores&#8230;<\/p>\n","protected":false},"featured_media":4893,"template":"","meta":[],"product_brand":[],"product_cat":[235,115,122],"product_tag":[],"class_list":{"0":"post-5987","1":"product","2":"type-product","3":"status-publish","4":"has-post-thumbnail","6":"product_cat-fundas-de-almohada-esthomaston180","7":"product_cat-recamara","8":"product_cat-ropa-de-cama-thomaston-t-180","10":"first","11":"instock","12":"shipping-taxable","13":"purchasable","14":"product-type-variable"},"yoast_head":"<!-- This site is optimized with the Yoast SEO plugin v27.4 - https:\/\/yoast.com\/product\/yoast-seo-wordpress\/ -->\n<title>Funda de almohada tama\u00f1o King THOMASTON 180 FILS 50\/50 poli\u00e9ster\/algod\u00f3n, made in USA - Paratex<\/title>\n<meta name=\"description\" content=\"Funda de almohada tama\u00f1o King THOMASTON 180 FILS 50\/50 poli\u00e9ster\/algod\u00f3n, made in USA\" \/>\n<meta name=\"robots\" content=\"index, follow, max-snippet:-1, max-image-preview:large, max-video-preview:-1\" \/>\n<link rel=\"canonical\" href=\"https:\/\/paratex.ca\/es\/produit\/funda-de-almohada-tamano-king-thomaston-180-fils-50-50-poliester-algodon-made-in-usa\/\" \/>\n<meta property=\"og:locale\" content=\"es_ES\" \/>\n<meta property=\"og:type\" content=\"article\" \/>\n<meta property=\"og:title\" content=\"Funda de almohada tama\u00f1o King THOMASTON 180 FILS 50\/50 poli\u00e9ster\/algod\u00f3n, made in USA\" \/>\n<meta property=\"og:description\" content=\"Funda de almohada tama\u00f1o King THOMASTON 180 FILS 50\/50 poli\u00e9ster\/algod\u00f3n, made in USA\" \/>\n<meta property=\"og:url\" content=\"https:\/\/paratex.ca\/es\/produit\/funda-de-almohada-tamano-king-thomaston-180-fils-50-50-poliester-algodon-made-in-usa\/\" \/>\n<meta property=\"og:site_name\" content=\"Paratex\" \/>\n<meta property=\"og:image\" content=\"https:\/\/paratex.ca\/wp-content\/uploads\/2024\/11\/taies_queen_42_x_40_t_200_blanc3.jpg\" \/>\n\t<meta property=\"og:image:width\" content=\"1200\" \/>\n\t<meta property=\"og:image:height\" content=\"1026\" \/>\n\t<meta property=\"og:image:type\" content=\"image\/jpeg\" \/>\n<meta name=\"twitter:card\" content=\"summary_large_image\" \/>\n<meta name=\"twitter:label1\" content=\"Tiempo de lectura\" \/>\n\t<meta name=\"twitter:data1\" content=\"1 minuto\" \/>\n<script type=\"application\/ld+json\" class=\"yoast-schema-graph\">{\"@context\":\"https:\\\/\\\/schema.org\",\"@graph\":[{\"@type\":\"WebPage\",\"@id\":\"https:\\\/\\\/paratex.ca\\\/es\\\/produit\\\/funda-de-almohada-tamano-king-thomaston-180-fils-50-50-poliester-algodon-made-in-usa\\\/\",\"url\":\"https:\\\/\\\/paratex.ca\\\/es\\\/produit\\\/funda-de-almohada-tamano-king-thomaston-180-fils-50-50-poliester-algodon-made-in-usa\\\/\",\"name\":\"Funda de almohada tama\u00f1o King THOMASTON 180 FILS 50\\\/50 poli\u00e9ster\\\/algod\u00f3n, made in USA - Paratex\",\"isPartOf\":{\"@id\":\"https:\\\/\\\/paratex.ca\\\/es\\\/#website\"},\"primaryImageOfPage\":{\"@id\":\"https:\\\/\\\/paratex.ca\\\/es\\\/produit\\\/funda-de-almohada-tamano-king-thomaston-180-fils-50-50-poliester-algodon-made-in-usa\\\/#primaryimage\"},\"image\":{\"@id\":\"https:\\\/\\\/paratex.ca\\\/es\\\/produit\\\/funda-de-almohada-tamano-king-thomaston-180-fils-50-50-poliester-algodon-made-in-usa\\\/#primaryimage\"},\"thumbnailUrl\":\"https:\\\/\\\/paratex.ca\\\/wp-content\\\/uploads\\\/2024\\\/11\\\/taies_queen_42_x_40_t_200_blanc3.jpg\",\"datePublished\":\"2024-11-15T13:59:25+00:00\",\"description\":\"Funda de almohada tama\u00f1o King THOMASTON 180 FILS 50\\\/50 poli\u00e9ster\\\/algod\u00f3n, made in USA\",\"breadcrumb\":{\"@id\":\"https:\\\/\\\/paratex.ca\\\/es\\\/produit\\\/funda-de-almohada-tamano-king-thomaston-180-fils-50-50-poliester-algodon-made-in-usa\\\/#breadcrumb\"},\"inLanguage\":\"es\",\"potentialAction\":[{\"@type\":\"ReadAction\",\"target\":[\"https:\\\/\\\/paratex.ca\\\/es\\\/produit\\\/funda-de-almohada-tamano-king-thomaston-180-fils-50-50-poliester-algodon-made-in-usa\\\/\"]}]},{\"@type\":\"ImageObject\",\"inLanguage\":\"es\",\"@id\":\"https:\\\/\\\/paratex.ca\\\/es\\\/produit\\\/funda-de-almohada-tamano-king-thomaston-180-fils-50-50-poliester-algodon-made-in-usa\\\/#primaryimage\",\"url\":\"https:\\\/\\\/paratex.ca\\\/wp-content\\\/uploads\\\/2024\\\/11\\\/taies_queen_42_x_40_t_200_blanc3.jpg\",\"contentUrl\":\"https:\\\/\\\/paratex.ca\\\/wp-content\\\/uploads\\\/2024\\\/11\\\/taies_queen_42_x_40_t_200_blanc3.jpg\",\"width\":1200,\"height\":1026,\"caption\":\"TAIES\"},{\"@type\":\"BreadcrumbList\",\"@id\":\"https:\\\/\\\/paratex.ca\\\/es\\\/produit\\\/funda-de-almohada-tamano-king-thomaston-180-fils-50-50-poliester-algodon-made-in-usa\\\/#breadcrumb\",\"itemListElement\":[{\"@type\":\"ListItem\",\"position\":1,\"name\":\"Accueil\",\"item\":\"https:\\\/\\\/paratex.ca\\\/es\\\/\"},{\"@type\":\"ListItem\",\"position\":2,\"name\":\"Tienda\",\"item\":\"https:\\\/\\\/paratex.ca\\\/es\\\/tienda\\\/\"},{\"@type\":\"ListItem\",\"position\":3,\"name\":\"Funda de almohada tama\u00f1o King THOMASTON 180 FILS 50\\\/50 poli\u00e9ster\\\/algod\u00f3n, made in USA\"}]},{\"@type\":\"WebSite\",\"@id\":\"https:\\\/\\\/paratex.ca\\\/es\\\/#website\",\"url\":\"https:\\\/\\\/paratex.ca\\\/es\\\/\",\"name\":\"Paratex\",\"description\":\"Distributeur de produits h\u00f4teliers\",\"publisher\":{\"@id\":\"https:\\\/\\\/paratex.ca\\\/es\\\/#organization\"},\"potentialAction\":[{\"@type\":\"SearchAction\",\"target\":{\"@type\":\"EntryPoint\",\"urlTemplate\":\"https:\\\/\\\/paratex.ca\\\/es\\\/?s={search_term_string}\"},\"query-input\":{\"@type\":\"PropertyValueSpecification\",\"valueRequired\":true,\"valueName\":\"search_term_string\"}}],\"inLanguage\":\"es\"},{\"@type\":\"Organization\",\"@id\":\"https:\\\/\\\/paratex.ca\\\/es\\\/#organization\",\"name\":\"Paratex, Distributeur de produits h\u00f4teliers\",\"url\":\"https:\\\/\\\/paratex.ca\\\/es\\\/\",\"logo\":{\"@type\":\"ImageObject\",\"inLanguage\":\"es\",\"@id\":\"https:\\\/\\\/paratex.ca\\\/es\\\/#\\\/schema\\\/logo\\\/image\\\/\",\"url\":\"https:\\\/\\\/paratex.ca\\\/wp-content\\\/uploads\\\/2024\\\/12\\\/open-graph-paratex.jpg\",\"contentUrl\":\"https:\\\/\\\/paratex.ca\\\/wp-content\\\/uploads\\\/2024\\\/12\\\/open-graph-paratex.jpg\",\"width\":1200,\"height\":600,\"caption\":\"Paratex, Distributeur de produits h\u00f4teliers\"},\"image\":{\"@id\":\"https:\\\/\\\/paratex.ca\\\/es\\\/#\\\/schema\\\/logo\\\/image\\\/\"}}]}<\/script>\n<!-- \/ Yoast SEO plugin. -->","yoast_head_json":{"title":"Funda de almohada tama\u00f1o King THOMASTON 180 FILS 50\/50 poli\u00e9ster\/algod\u00f3n, made in USA - Paratex","description":"Funda de almohada tama\u00f1o King THOMASTON 180 FILS 50\/50 poli\u00e9ster\/algod\u00f3n, made in USA","robots":{"index":"index","follow":"follow","max-snippet":"max-snippet:-1","max-image-preview":"max-image-preview:large","max-video-preview":"max-video-preview:-1"},"canonical":"https:\/\/paratex.ca\/es\/produit\/funda-de-almohada-tamano-king-thomaston-180-fils-50-50-poliester-algodon-made-in-usa\/","og_locale":"es_ES","og_type":"article","og_title":"Funda de almohada tama\u00f1o King THOMASTON 180 FILS 50\/50 poli\u00e9ster\/algod\u00f3n, made in USA","og_description":"Funda de almohada tama\u00f1o King THOMASTON 180 FILS 50\/50 poli\u00e9ster\/algod\u00f3n, made in USA","og_url":"https:\/\/paratex.ca\/es\/produit\/funda-de-almohada-tamano-king-thomaston-180-fils-50-50-poliester-algodon-made-in-usa\/","og_site_name":"Paratex","og_image":[{"width":1200,"height":1026,"url":"https:\/\/paratex.ca\/wp-content\/uploads\/2024\/11\/taies_queen_42_x_40_t_200_blanc3.jpg","type":"image\/jpeg"}],"twitter_card":"summary_large_image","twitter_misc":{"Tiempo de lectura":"1 minuto"},"schema":{"@context":"https:\/\/schema.org","@graph":[{"@type":"WebPage","@id":"https:\/\/paratex.ca\/es\/produit\/funda-de-almohada-tamano-king-thomaston-180-fils-50-50-poliester-algodon-made-in-usa\/","url":"https:\/\/paratex.ca\/es\/produit\/funda-de-almohada-tamano-king-thomaston-180-fils-50-50-poliester-algodon-made-in-usa\/","name":"Funda de almohada tama\u00f1o King THOMASTON 180 FILS 50\/50 poli\u00e9ster\/algod\u00f3n, made in USA - Paratex","isPartOf":{"@id":"https:\/\/paratex.ca\/es\/#website"},"primaryImageOfPage":{"@id":"https:\/\/paratex.ca\/es\/produit\/funda-de-almohada-tamano-king-thomaston-180-fils-50-50-poliester-algodon-made-in-usa\/#primaryimage"},"image":{"@id":"https:\/\/paratex.ca\/es\/produit\/funda-de-almohada-tamano-king-thomaston-180-fils-50-50-poliester-algodon-made-in-usa\/#primaryimage"},"thumbnailUrl":"https:\/\/paratex.ca\/wp-content\/uploads\/2024\/11\/taies_queen_42_x_40_t_200_blanc3.jpg","datePublished":"2024-11-15T13:59:25+00:00","description":"Funda de almohada tama\u00f1o King THOMASTON 180 FILS 50\/50 poli\u00e9ster\/algod\u00f3n, made in USA","breadcrumb":{"@id":"https:\/\/paratex.ca\/es\/produit\/funda-de-almohada-tamano-king-thomaston-180-fils-50-50-poliester-algodon-made-in-usa\/#breadcrumb"},"inLanguage":"es","potentialAction":[{"@type":"ReadAction","target":["https:\/\/paratex.ca\/es\/produit\/funda-de-almohada-tamano-king-thomaston-180-fils-50-50-poliester-algodon-made-in-usa\/"]}]},{"@type":"ImageObject","inLanguage":"es","@id":"https:\/\/paratex.ca\/es\/produit\/funda-de-almohada-tamano-king-thomaston-180-fils-50-50-poliester-algodon-made-in-usa\/#primaryimage","url":"https:\/\/paratex.ca\/wp-content\/uploads\/2024\/11\/taies_queen_42_x_40_t_200_blanc3.jpg","contentUrl":"https:\/\/paratex.ca\/wp-content\/uploads\/2024\/11\/taies_queen_42_x_40_t_200_blanc3.jpg","width":1200,"height":1026,"caption":"TAIES"},{"@type":"BreadcrumbList","@id":"https:\/\/paratex.ca\/es\/produit\/funda-de-almohada-tamano-king-thomaston-180-fils-50-50-poliester-algodon-made-in-usa\/#breadcrumb","itemListElement":[{"@type":"ListItem","position":1,"name":"Accueil","item":"https:\/\/paratex.ca\/es\/"},{"@type":"ListItem","position":2,"name":"Tienda","item":"https:\/\/paratex.ca\/es\/tienda\/"},{"@type":"ListItem","position":3,"name":"Funda de almohada tama\u00f1o King THOMASTON 180 FILS 50\/50 poli\u00e9ster\/algod\u00f3n, made in USA"}]},{"@type":"WebSite","@id":"https:\/\/paratex.ca\/es\/#website","url":"https:\/\/paratex.ca\/es\/","name":"Paratex","description":"Distributeur de produits h\u00f4teliers","publisher":{"@id":"https:\/\/paratex.ca\/es\/#organization"},"potentialAction":[{"@type":"SearchAction","target":{"@type":"EntryPoint","urlTemplate":"https:\/\/paratex.ca\/es\/?s={search_term_string}"},"query-input":{"@type":"PropertyValueSpecification","valueRequired":true,"valueName":"search_term_string"}}],"inLanguage":"es"},{"@type":"Organization","@id":"https:\/\/paratex.ca\/es\/#organization","name":"Paratex, Distributeur de produits h\u00f4teliers","url":"https:\/\/paratex.ca\/es\/","logo":{"@type":"ImageObject","inLanguage":"es","@id":"https:\/\/paratex.ca\/es\/#\/schema\/logo\/image\/","url":"https:\/\/paratex.ca\/wp-content\/uploads\/2024\/12\/open-graph-paratex.jpg","contentUrl":"https:\/\/paratex.ca\/wp-content\/uploads\/2024\/12\/open-graph-paratex.jpg","width":1200,"height":600,"caption":"Paratex, Distributeur de produits h\u00f4teliers"},"image":{"@id":"https:\/\/paratex.ca\/es\/#\/schema\/logo\/image\/"}}]}},"_links":{"self":[{"href":"https:\/\/paratex.ca\/es\/wp-json\/wp\/v2\/product\/5987","targetHints":{"allow":["GET"]}}],"collection":[{"href":"https:\/\/paratex.ca\/es\/wp-json\/wp\/v2\/product"}],"about":[{"href":"https:\/\/paratex.ca\/es\/wp-json\/wp\/v2\/types\/product"}],"wp:featuredmedia":[{"embeddable":true,"href":"https:\/\/paratex.ca\/es\/wp-json\/wp\/v2\/media\/4893"}],"wp:attachment":[{"href":"https:\/\/paratex.ca\/es\/wp-json\/wp\/v2\/media?parent=5987"}],"wp:term":[{"taxonomy":"product_brand","embeddable":true,"href":"https:\/\/paratex.ca\/es\/wp-json\/wp\/v2\/product_brand?post=5987"},{"taxonomy":"product_cat","embeddable":true,"href":"https:\/\/paratex.ca\/es\/wp-json\/wp\/v2\/product_cat?post=5987"},{"taxonomy":"product_tag","embeddable":true,"href":"https:\/\/paratex.ca\/es\/wp-json\/wp\/v2\/product_tag?post=5987"}],"curies":[{"name":"wp","href":"https:\/\/api.w.org\/{rel}","templated":true}]}}