{"id":5944,"date":"2024-11-15T13:39:12","date_gmt":"2024-11-15T18:39:12","guid":{"rendered":"https:\/\/paratex.ca\/produit\/sabana-bajera-thomaston-250-fils-60-40-algodon-poliester-made-in-usa\/"},"modified":"2024-11-15T13:39:12","modified_gmt":"2024-11-15T18:39:12","slug":"sabana-bajera-thomaston-250-fils-60-40-algodon-poliester-made-in-usa","status":"publish","type":"product","link":"https:\/\/paratex.ca\/es\/produit\/sabana-bajera-thomaston-250-fils-60-40-algodon-poliester-made-in-usa\/","title":{"rendered":"S\u00e1bana bajera THOMASTON 250 FILS 60\/40 algod\u00f3n\/poli\u00e9ster, made in USA"},"content":{"rendered":"<p>Las s\u00e1banas y fundas de almohada Thomaston est\u00e1n dise\u00f1adas para soportar lavados frecuentes en lavander\u00edas comerciales.<br \/>\nEs importante elegir la ropa de cama con cuidado para que resista los rigores del lavado institucional y evitar la formaci\u00f3n de bolitas o el encogimiento excesivo.<br \/>\nPuedes comprar productos de calidad Thomaston de Paratex para evitar sustituciones frecuentes y costosas.<br \/>\n60% algod\u00f3n peinado\/40% poli\u00e9ster<br \/>\nFabricado en EE.UU. con tejido crudo nacional o importado<br \/>\nHilados de anillas para una suavidad lujosa<br \/>\nCada lote rico en algod\u00f3n inspeccionado cuidadosamente para comprobar su suavidad<br \/>\nBlancos brillantes y matices de color controlados por espectrofot\u00f3metro<br \/>\n\u00a1Confort absoluto a un precio asequible!<br \/>\n*** Otras gamas de hojas tambi\u00e9n disponibles  <\/p>\n","protected":false},"excerpt":{"rendered":"<p>Las s\u00e1banas y fundas de almohada Thomaston est\u00e1n dise\u00f1adas para soportar lavados frecuentes en lavander\u00edas comerciales. Es importante elegir la ropa de cama con cuidado para que resista los rigores&#8230;<\/p>\n","protected":false},"featured_media":4771,"template":"","meta":[],"product_brand":[],"product_cat":[115,124,258],"product_tag":[],"class_list":{"0":"post-5944","1":"product","2":"type-product","3":"status-publish","4":"has-post-thumbnail","6":"product_cat-recamara","7":"product_cat-ropa-de-cama-thomaston-t-250","8":"product_cat-sabanas-planas-esthomaston250","10":"first","11":"instock","12":"shipping-taxable","13":"purchasable","14":"product-type-variable"},"yoast_head":"<!-- This site is optimized with the Yoast SEO plugin v27.4 - https:\/\/yoast.com\/product\/yoast-seo-wordpress\/ -->\n<title>S\u00e1bana bajera THOMASTON 250 FILS 60\/40 algod\u00f3n\/poli\u00e9ster, made in USA - Paratex<\/title>\n<meta name=\"description\" content=\"S\u00e1bana bajera THOMASTON 250 FILS 60\/40 algod\u00f3n\/poli\u00e9ster, made in USA\" \/>\n<meta name=\"robots\" content=\"index, follow, max-snippet:-1, max-image-preview:large, max-video-preview:-1\" \/>\n<link rel=\"canonical\" href=\"https:\/\/paratex.ca\/es\/produit\/sabana-bajera-thomaston-250-fils-60-40-algodon-poliester-made-in-usa\/\" \/>\n<meta property=\"og:locale\" content=\"es_ES\" \/>\n<meta property=\"og:type\" content=\"article\" \/>\n<meta property=\"og:title\" content=\"S\u00e1bana bajera THOMASTON 250 FILS 60\/40 algod\u00f3n\/poli\u00e9ster, made in USA\" \/>\n<meta property=\"og:description\" content=\"S\u00e1bana bajera THOMASTON 250 FILS 60\/40 algod\u00f3n\/poli\u00e9ster, made in USA\" \/>\n<meta property=\"og:url\" content=\"https:\/\/paratex.ca\/es\/produit\/sabana-bajera-thomaston-250-fils-60-40-algodon-poliester-made-in-usa\/\" \/>\n<meta property=\"og:site_name\" content=\"Paratex\" \/>\n<meta property=\"og:image\" content=\"https:\/\/paratex.ca\/wp-content\/uploads\/2024\/11\/drap_plat_king_thomaston_250_fils_60_40_coton_polyester_produit_aux_usa1.jpg\" \/>\n\t<meta property=\"og:image:width\" content=\"1200\" \/>\n\t<meta property=\"og:image:height\" content=\"976\" \/>\n\t<meta property=\"og:image:type\" content=\"image\/jpeg\" \/>\n<meta name=\"twitter:card\" content=\"summary_large_image\" \/>\n<meta name=\"twitter:label1\" content=\"Tiempo de lectura\" \/>\n\t<meta name=\"twitter:data1\" content=\"1 minuto\" \/>\n<script type=\"application\/ld+json\" class=\"yoast-schema-graph\">{\"@context\":\"https:\\\/\\\/schema.org\",\"@graph\":[{\"@type\":\"WebPage\",\"@id\":\"https:\\\/\\\/paratex.ca\\\/es\\\/produit\\\/sabana-bajera-thomaston-250-fils-60-40-algodon-poliester-made-in-usa\\\/\",\"url\":\"https:\\\/\\\/paratex.ca\\\/es\\\/produit\\\/sabana-bajera-thomaston-250-fils-60-40-algodon-poliester-made-in-usa\\\/\",\"name\":\"S\u00e1bana bajera THOMASTON 250 FILS 60\\\/40 algod\u00f3n\\\/poli\u00e9ster, made in USA - Paratex\",\"isPartOf\":{\"@id\":\"https:\\\/\\\/paratex.ca\\\/es\\\/#website\"},\"primaryImageOfPage\":{\"@id\":\"https:\\\/\\\/paratex.ca\\\/es\\\/produit\\\/sabana-bajera-thomaston-250-fils-60-40-algodon-poliester-made-in-usa\\\/#primaryimage\"},\"image\":{\"@id\":\"https:\\\/\\\/paratex.ca\\\/es\\\/produit\\\/sabana-bajera-thomaston-250-fils-60-40-algodon-poliester-made-in-usa\\\/#primaryimage\"},\"thumbnailUrl\":\"https:\\\/\\\/paratex.ca\\\/wp-content\\\/uploads\\\/2024\\\/11\\\/drap_plat_king_thomaston_250_fils_60_40_coton_polyester_produit_aux_usa1.jpg\",\"datePublished\":\"2024-11-15T18:39:12+00:00\",\"description\":\"S\u00e1bana bajera THOMASTON 250 FILS 60\\\/40 algod\u00f3n\\\/poli\u00e9ster, made in USA\",\"breadcrumb\":{\"@id\":\"https:\\\/\\\/paratex.ca\\\/es\\\/produit\\\/sabana-bajera-thomaston-250-fils-60-40-algodon-poliester-made-in-usa\\\/#breadcrumb\"},\"inLanguage\":\"es\",\"potentialAction\":[{\"@type\":\"ReadAction\",\"target\":[\"https:\\\/\\\/paratex.ca\\\/es\\\/produit\\\/sabana-bajera-thomaston-250-fils-60-40-algodon-poliester-made-in-usa\\\/\"]}]},{\"@type\":\"ImageObject\",\"inLanguage\":\"es\",\"@id\":\"https:\\\/\\\/paratex.ca\\\/es\\\/produit\\\/sabana-bajera-thomaston-250-fils-60-40-algodon-poliester-made-in-usa\\\/#primaryimage\",\"url\":\"https:\\\/\\\/paratex.ca\\\/wp-content\\\/uploads\\\/2024\\\/11\\\/drap_plat_king_thomaston_250_fils_60_40_coton_polyester_produit_aux_usa1.jpg\",\"contentUrl\":\"https:\\\/\\\/paratex.ca\\\/wp-content\\\/uploads\\\/2024\\\/11\\\/drap_plat_king_thomaston_250_fils_60_40_coton_polyester_produit_aux_usa1.jpg\",\"width\":1200,\"height\":976,\"caption\":\"S\u00e1bana bajera THOMASTON 250 FILS 60\\\/40 algod\u00f3n\\\/poli\u00e9ster, made in USA\"},{\"@type\":\"BreadcrumbList\",\"@id\":\"https:\\\/\\\/paratex.ca\\\/es\\\/produit\\\/sabana-bajera-thomaston-250-fils-60-40-algodon-poliester-made-in-usa\\\/#breadcrumb\",\"itemListElement\":[{\"@type\":\"ListItem\",\"position\":1,\"name\":\"Accueil\",\"item\":\"https:\\\/\\\/paratex.ca\\\/es\\\/\"},{\"@type\":\"ListItem\",\"position\":2,\"name\":\"Tienda\",\"item\":\"https:\\\/\\\/paratex.ca\\\/es\\\/tienda\\\/\"},{\"@type\":\"ListItem\",\"position\":3,\"name\":\"S\u00e1bana bajera THOMASTON 250 FILS 60\\\/40 algod\u00f3n\\\/poli\u00e9ster, made in USA\"}]},{\"@type\":\"WebSite\",\"@id\":\"https:\\\/\\\/paratex.ca\\\/es\\\/#website\",\"url\":\"https:\\\/\\\/paratex.ca\\\/es\\\/\",\"name\":\"Paratex\",\"description\":\"Distributeur de produits h\u00f4teliers\",\"publisher\":{\"@id\":\"https:\\\/\\\/paratex.ca\\\/es\\\/#organization\"},\"potentialAction\":[{\"@type\":\"SearchAction\",\"target\":{\"@type\":\"EntryPoint\",\"urlTemplate\":\"https:\\\/\\\/paratex.ca\\\/es\\\/?s={search_term_string}\"},\"query-input\":{\"@type\":\"PropertyValueSpecification\",\"valueRequired\":true,\"valueName\":\"search_term_string\"}}],\"inLanguage\":\"es\"},{\"@type\":\"Organization\",\"@id\":\"https:\\\/\\\/paratex.ca\\\/es\\\/#organization\",\"name\":\"Paratex, Distributeur de produits h\u00f4teliers\",\"url\":\"https:\\\/\\\/paratex.ca\\\/es\\\/\",\"logo\":{\"@type\":\"ImageObject\",\"inLanguage\":\"es\",\"@id\":\"https:\\\/\\\/paratex.ca\\\/es\\\/#\\\/schema\\\/logo\\\/image\\\/\",\"url\":\"https:\\\/\\\/paratex.ca\\\/wp-content\\\/uploads\\\/2024\\\/12\\\/open-graph-paratex.jpg\",\"contentUrl\":\"https:\\\/\\\/paratex.ca\\\/wp-content\\\/uploads\\\/2024\\\/12\\\/open-graph-paratex.jpg\",\"width\":1200,\"height\":600,\"caption\":\"Paratex, Distributeur de produits h\u00f4teliers\"},\"image\":{\"@id\":\"https:\\\/\\\/paratex.ca\\\/es\\\/#\\\/schema\\\/logo\\\/image\\\/\"}}]}<\/script>\n<!-- \/ Yoast SEO plugin. -->","yoast_head_json":{"title":"S\u00e1bana bajera THOMASTON 250 FILS 60\/40 algod\u00f3n\/poli\u00e9ster, made in USA - Paratex","description":"S\u00e1bana bajera THOMASTON 250 FILS 60\/40 algod\u00f3n\/poli\u00e9ster, made in USA","robots":{"index":"index","follow":"follow","max-snippet":"max-snippet:-1","max-image-preview":"max-image-preview:large","max-video-preview":"max-video-preview:-1"},"canonical":"https:\/\/paratex.ca\/es\/produit\/sabana-bajera-thomaston-250-fils-60-40-algodon-poliester-made-in-usa\/","og_locale":"es_ES","og_type":"article","og_title":"S\u00e1bana bajera THOMASTON 250 FILS 60\/40 algod\u00f3n\/poli\u00e9ster, made in USA","og_description":"S\u00e1bana bajera THOMASTON 250 FILS 60\/40 algod\u00f3n\/poli\u00e9ster, made in USA","og_url":"https:\/\/paratex.ca\/es\/produit\/sabana-bajera-thomaston-250-fils-60-40-algodon-poliester-made-in-usa\/","og_site_name":"Paratex","og_image":[{"width":1200,"height":976,"url":"https:\/\/paratex.ca\/wp-content\/uploads\/2024\/11\/drap_plat_king_thomaston_250_fils_60_40_coton_polyester_produit_aux_usa1.jpg","type":"image\/jpeg"}],"twitter_card":"summary_large_image","twitter_misc":{"Tiempo de lectura":"1 minuto"},"schema":{"@context":"https:\/\/schema.org","@graph":[{"@type":"WebPage","@id":"https:\/\/paratex.ca\/es\/produit\/sabana-bajera-thomaston-250-fils-60-40-algodon-poliester-made-in-usa\/","url":"https:\/\/paratex.ca\/es\/produit\/sabana-bajera-thomaston-250-fils-60-40-algodon-poliester-made-in-usa\/","name":"S\u00e1bana bajera THOMASTON 250 FILS 60\/40 algod\u00f3n\/poli\u00e9ster, made in USA - Paratex","isPartOf":{"@id":"https:\/\/paratex.ca\/es\/#website"},"primaryImageOfPage":{"@id":"https:\/\/paratex.ca\/es\/produit\/sabana-bajera-thomaston-250-fils-60-40-algodon-poliester-made-in-usa\/#primaryimage"},"image":{"@id":"https:\/\/paratex.ca\/es\/produit\/sabana-bajera-thomaston-250-fils-60-40-algodon-poliester-made-in-usa\/#primaryimage"},"thumbnailUrl":"https:\/\/paratex.ca\/wp-content\/uploads\/2024\/11\/drap_plat_king_thomaston_250_fils_60_40_coton_polyester_produit_aux_usa1.jpg","datePublished":"2024-11-15T18:39:12+00:00","description":"S\u00e1bana bajera THOMASTON 250 FILS 60\/40 algod\u00f3n\/poli\u00e9ster, made in USA","breadcrumb":{"@id":"https:\/\/paratex.ca\/es\/produit\/sabana-bajera-thomaston-250-fils-60-40-algodon-poliester-made-in-usa\/#breadcrumb"},"inLanguage":"es","potentialAction":[{"@type":"ReadAction","target":["https:\/\/paratex.ca\/es\/produit\/sabana-bajera-thomaston-250-fils-60-40-algodon-poliester-made-in-usa\/"]}]},{"@type":"ImageObject","inLanguage":"es","@id":"https:\/\/paratex.ca\/es\/produit\/sabana-bajera-thomaston-250-fils-60-40-algodon-poliester-made-in-usa\/#primaryimage","url":"https:\/\/paratex.ca\/wp-content\/uploads\/2024\/11\/drap_plat_king_thomaston_250_fils_60_40_coton_polyester_produit_aux_usa1.jpg","contentUrl":"https:\/\/paratex.ca\/wp-content\/uploads\/2024\/11\/drap_plat_king_thomaston_250_fils_60_40_coton_polyester_produit_aux_usa1.jpg","width":1200,"height":976,"caption":"S\u00e1bana bajera THOMASTON 250 FILS 60\/40 algod\u00f3n\/poli\u00e9ster, made in USA"},{"@type":"BreadcrumbList","@id":"https:\/\/paratex.ca\/es\/produit\/sabana-bajera-thomaston-250-fils-60-40-algodon-poliester-made-in-usa\/#breadcrumb","itemListElement":[{"@type":"ListItem","position":1,"name":"Accueil","item":"https:\/\/paratex.ca\/es\/"},{"@type":"ListItem","position":2,"name":"Tienda","item":"https:\/\/paratex.ca\/es\/tienda\/"},{"@type":"ListItem","position":3,"name":"S\u00e1bana bajera THOMASTON 250 FILS 60\/40 algod\u00f3n\/poli\u00e9ster, made in USA"}]},{"@type":"WebSite","@id":"https:\/\/paratex.ca\/es\/#website","url":"https:\/\/paratex.ca\/es\/","name":"Paratex","description":"Distributeur de produits h\u00f4teliers","publisher":{"@id":"https:\/\/paratex.ca\/es\/#organization"},"potentialAction":[{"@type":"SearchAction","target":{"@type":"EntryPoint","urlTemplate":"https:\/\/paratex.ca\/es\/?s={search_term_string}"},"query-input":{"@type":"PropertyValueSpecification","valueRequired":true,"valueName":"search_term_string"}}],"inLanguage":"es"},{"@type":"Organization","@id":"https:\/\/paratex.ca\/es\/#organization","name":"Paratex, Distributeur de produits h\u00f4teliers","url":"https:\/\/paratex.ca\/es\/","logo":{"@type":"ImageObject","inLanguage":"es","@id":"https:\/\/paratex.ca\/es\/#\/schema\/logo\/image\/","url":"https:\/\/paratex.ca\/wp-content\/uploads\/2024\/12\/open-graph-paratex.jpg","contentUrl":"https:\/\/paratex.ca\/wp-content\/uploads\/2024\/12\/open-graph-paratex.jpg","width":1200,"height":600,"caption":"Paratex, Distributeur de produits h\u00f4teliers"},"image":{"@id":"https:\/\/paratex.ca\/es\/#\/schema\/logo\/image\/"}}]}},"_links":{"self":[{"href":"https:\/\/paratex.ca\/es\/wp-json\/wp\/v2\/product\/5944","targetHints":{"allow":["GET"]}}],"collection":[{"href":"https:\/\/paratex.ca\/es\/wp-json\/wp\/v2\/product"}],"about":[{"href":"https:\/\/paratex.ca\/es\/wp-json\/wp\/v2\/types\/product"}],"wp:featuredmedia":[{"embeddable":true,"href":"https:\/\/paratex.ca\/es\/wp-json\/wp\/v2\/media\/4771"}],"wp:attachment":[{"href":"https:\/\/paratex.ca\/es\/wp-json\/wp\/v2\/media?parent=5944"}],"wp:term":[{"taxonomy":"product_brand","embeddable":true,"href":"https:\/\/paratex.ca\/es\/wp-json\/wp\/v2\/product_brand?post=5944"},{"taxonomy":"product_cat","embeddable":true,"href":"https:\/\/paratex.ca\/es\/wp-json\/wp\/v2\/product_cat?post=5944"},{"taxonomy":"product_tag","embeddable":true,"href":"https:\/\/paratex.ca\/es\/wp-json\/wp\/v2\/product_tag?post=5944"}],"curies":[{"name":"wp","href":"https:\/\/api.w.org\/{rel}","templated":true}]}}