{"id":5900,"date":"2024-11-16T17:55:06","date_gmt":"2024-11-16T22:55:06","guid":{"rendered":"https:\/\/paratex.ca\/produit\/sabana-encimera-euroescala-91-x-115-t-200-blanca\/"},"modified":"2024-11-16T17:55:06","modified_gmt":"2024-11-16T22:55:06","slug":"sabana-encimera-euroescala-91-x-115-t-200-blanca","status":"publish","type":"product","link":"https:\/\/paratex.ca\/es\/produit\/sabana-encimera-euroescala-91-x-115-t-200-blanca\/","title":{"rendered":"S\u00c1BANA ENCIMERA EUROESCALA 91 X 115 T-200 BLANCA"},"content":{"rendered":"<p>Las s\u00e1banas y fundas de almohada Eurocale est\u00e1n dise\u00f1adas para soportar lavados frecuentes en lavander\u00edas comerciales. Puedes comprar productos de calidad Eurocale en Paratex y beneficiarte de la mejor relaci\u00f3n calidad-precio.<\/p>\n<p>T200  <\/p>\n<p>60% algod\u00f3n\/40% poli\u00e9ster<\/p>\n<p>Fabricado en China<\/p>\n","protected":false},"excerpt":{"rendered":"<p>Las s\u00e1banas y fundas de almohada Eurocale est\u00e1n dise\u00f1adas para soportar lavados frecuentes en lavander\u00edas comerciales. Puedes comprar productos de calidad Eurocale en Paratex y beneficiarte de la mejor relaci\u00f3n&#8230;<\/p>\n","protected":false},"featured_media":4877,"template":"","meta":[],"product_brand":[],"product_cat":[115,121,222],"product_tag":[],"class_list":{"0":"post-5900","1":"product","2":"type-product","3":"status-publish","4":"has-post-thumbnail","6":"product_cat-recamara","7":"product_cat-ropa-de-cama-eurocale-t-200","8":"product_cat-sabanas-planas-eseurocale120","10":"first","11":"instock","12":"shipping-taxable","13":"purchasable","14":"product-type-variable"},"yoast_head":"<!-- This site is optimized with the Yoast SEO plugin v27.4 - https:\/\/yoast.com\/product\/yoast-seo-wordpress\/ -->\n<title>S\u00c1BANA ENCIMERA EUROESCALA 91 X 115 T-200 BLANCA - Paratex<\/title>\n<meta name=\"description\" content=\"S\u00c1BANA ENCIMERA EUROESCALA 91 X 115 T-200 BLANCA\" \/>\n<meta name=\"robots\" content=\"index, follow, max-snippet:-1, max-image-preview:large, max-video-preview:-1\" \/>\n<link rel=\"canonical\" href=\"https:\/\/paratex.ca\/es\/produit\/sabana-encimera-euroescala-91-x-115-t-200-blanca\/\" \/>\n<meta property=\"og:locale\" content=\"es_ES\" \/>\n<meta property=\"og:type\" content=\"article\" \/>\n<meta property=\"og:title\" content=\"S\u00c1BANA ENCIMERA EUROESCALA 91 X 115 T-200 BLANCA\" \/>\n<meta property=\"og:description\" content=\"S\u00c1BANA ENCIMERA EUROESCALA 91 X 115 T-200 BLANCA\" \/>\n<meta property=\"og:url\" content=\"https:\/\/paratex.ca\/es\/produit\/sabana-encimera-euroescala-91-x-115-t-200-blanca\/\" \/>\n<meta property=\"og:site_name\" content=\"Paratex\" \/>\n<meta property=\"og:image\" content=\"https:\/\/paratex.ca\/wp-content\/uploads\/2024\/11\/drap_plat_queen_eurocale_91_x_115_t_200_blanc.jpg\" \/>\n\t<meta property=\"og:image:width\" content=\"1200\" \/>\n\t<meta property=\"og:image:height\" content=\"976\" \/>\n\t<meta property=\"og:image:type\" content=\"image\/jpeg\" \/>\n<meta name=\"twitter:card\" content=\"summary_large_image\" \/>\n<script type=\"application\/ld+json\" class=\"yoast-schema-graph\">{\"@context\":\"https:\\\/\\\/schema.org\",\"@graph\":[{\"@type\":\"WebPage\",\"@id\":\"https:\\\/\\\/paratex.ca\\\/es\\\/produit\\\/sabana-encimera-euroescala-91-x-115-t-200-blanca\\\/\",\"url\":\"https:\\\/\\\/paratex.ca\\\/es\\\/produit\\\/sabana-encimera-euroescala-91-x-115-t-200-blanca\\\/\",\"name\":\"S\u00c1BANA ENCIMERA EUROESCALA 91 X 115 T-200 BLANCA - Paratex\",\"isPartOf\":{\"@id\":\"https:\\\/\\\/paratex.ca\\\/es\\\/#website\"},\"primaryImageOfPage\":{\"@id\":\"https:\\\/\\\/paratex.ca\\\/es\\\/produit\\\/sabana-encimera-euroescala-91-x-115-t-200-blanca\\\/#primaryimage\"},\"image\":{\"@id\":\"https:\\\/\\\/paratex.ca\\\/es\\\/produit\\\/sabana-encimera-euroescala-91-x-115-t-200-blanca\\\/#primaryimage\"},\"thumbnailUrl\":\"https:\\\/\\\/paratex.ca\\\/wp-content\\\/uploads\\\/2024\\\/11\\\/drap_plat_queen_eurocale_91_x_115_t_200_blanc.jpg\",\"datePublished\":\"2024-11-16T22:55:06+00:00\",\"description\":\"S\u00c1BANA ENCIMERA EUROESCALA 91 X 115 T-200 BLANCA\",\"breadcrumb\":{\"@id\":\"https:\\\/\\\/paratex.ca\\\/es\\\/produit\\\/sabana-encimera-euroescala-91-x-115-t-200-blanca\\\/#breadcrumb\"},\"inLanguage\":\"es\",\"potentialAction\":[{\"@type\":\"ReadAction\",\"target\":[\"https:\\\/\\\/paratex.ca\\\/es\\\/produit\\\/sabana-encimera-euroescala-91-x-115-t-200-blanca\\\/\"]}]},{\"@type\":\"ImageObject\",\"inLanguage\":\"es\",\"@id\":\"https:\\\/\\\/paratex.ca\\\/es\\\/produit\\\/sabana-encimera-euroescala-91-x-115-t-200-blanca\\\/#primaryimage\",\"url\":\"https:\\\/\\\/paratex.ca\\\/wp-content\\\/uploads\\\/2024\\\/11\\\/drap_plat_queen_eurocale_91_x_115_t_200_blanc.jpg\",\"contentUrl\":\"https:\\\/\\\/paratex.ca\\\/wp-content\\\/uploads\\\/2024\\\/11\\\/drap_plat_queen_eurocale_91_x_115_t_200_blanc.jpg\",\"width\":1200,\"height\":976,\"caption\":\"S\u00c1BANA ENCIMERA EUROESCALA 91 X 115 T-200 BLANCA\"},{\"@type\":\"BreadcrumbList\",\"@id\":\"https:\\\/\\\/paratex.ca\\\/es\\\/produit\\\/sabana-encimera-euroescala-91-x-115-t-200-blanca\\\/#breadcrumb\",\"itemListElement\":[{\"@type\":\"ListItem\",\"position\":1,\"name\":\"Accueil\",\"item\":\"https:\\\/\\\/paratex.ca\\\/es\\\/\"},{\"@type\":\"ListItem\",\"position\":2,\"name\":\"Tienda\",\"item\":\"https:\\\/\\\/paratex.ca\\\/es\\\/tienda\\\/\"},{\"@type\":\"ListItem\",\"position\":3,\"name\":\"S\u00c1BANA ENCIMERA EUROESCALA 91 X 115 T-200 BLANCA\"}]},{\"@type\":\"WebSite\",\"@id\":\"https:\\\/\\\/paratex.ca\\\/es\\\/#website\",\"url\":\"https:\\\/\\\/paratex.ca\\\/es\\\/\",\"name\":\"Paratex\",\"description\":\"Distributeur de produits h\u00f4teliers\",\"publisher\":{\"@id\":\"https:\\\/\\\/paratex.ca\\\/es\\\/#organization\"},\"potentialAction\":[{\"@type\":\"SearchAction\",\"target\":{\"@type\":\"EntryPoint\",\"urlTemplate\":\"https:\\\/\\\/paratex.ca\\\/es\\\/?s={search_term_string}\"},\"query-input\":{\"@type\":\"PropertyValueSpecification\",\"valueRequired\":true,\"valueName\":\"search_term_string\"}}],\"inLanguage\":\"es\"},{\"@type\":\"Organization\",\"@id\":\"https:\\\/\\\/paratex.ca\\\/es\\\/#organization\",\"name\":\"Paratex, Distributeur de produits h\u00f4teliers\",\"url\":\"https:\\\/\\\/paratex.ca\\\/es\\\/\",\"logo\":{\"@type\":\"ImageObject\",\"inLanguage\":\"es\",\"@id\":\"https:\\\/\\\/paratex.ca\\\/es\\\/#\\\/schema\\\/logo\\\/image\\\/\",\"url\":\"https:\\\/\\\/paratex.ca\\\/wp-content\\\/uploads\\\/2024\\\/12\\\/open-graph-paratex.jpg\",\"contentUrl\":\"https:\\\/\\\/paratex.ca\\\/wp-content\\\/uploads\\\/2024\\\/12\\\/open-graph-paratex.jpg\",\"width\":1200,\"height\":600,\"caption\":\"Paratex, Distributeur de produits h\u00f4teliers\"},\"image\":{\"@id\":\"https:\\\/\\\/paratex.ca\\\/es\\\/#\\\/schema\\\/logo\\\/image\\\/\"}}]}<\/script>\n<!-- \/ Yoast SEO plugin. -->","yoast_head_json":{"title":"S\u00c1BANA ENCIMERA EUROESCALA 91 X 115 T-200 BLANCA - Paratex","description":"S\u00c1BANA ENCIMERA EUROESCALA 91 X 115 T-200 BLANCA","robots":{"index":"index","follow":"follow","max-snippet":"max-snippet:-1","max-image-preview":"max-image-preview:large","max-video-preview":"max-video-preview:-1"},"canonical":"https:\/\/paratex.ca\/es\/produit\/sabana-encimera-euroescala-91-x-115-t-200-blanca\/","og_locale":"es_ES","og_type":"article","og_title":"S\u00c1BANA ENCIMERA EUROESCALA 91 X 115 T-200 BLANCA","og_description":"S\u00c1BANA ENCIMERA EUROESCALA 91 X 115 T-200 BLANCA","og_url":"https:\/\/paratex.ca\/es\/produit\/sabana-encimera-euroescala-91-x-115-t-200-blanca\/","og_site_name":"Paratex","og_image":[{"width":1200,"height":976,"url":"https:\/\/paratex.ca\/wp-content\/uploads\/2024\/11\/drap_plat_queen_eurocale_91_x_115_t_200_blanc.jpg","type":"image\/jpeg"}],"twitter_card":"summary_large_image","schema":{"@context":"https:\/\/schema.org","@graph":[{"@type":"WebPage","@id":"https:\/\/paratex.ca\/es\/produit\/sabana-encimera-euroescala-91-x-115-t-200-blanca\/","url":"https:\/\/paratex.ca\/es\/produit\/sabana-encimera-euroescala-91-x-115-t-200-blanca\/","name":"S\u00c1BANA ENCIMERA EUROESCALA 91 X 115 T-200 BLANCA - Paratex","isPartOf":{"@id":"https:\/\/paratex.ca\/es\/#website"},"primaryImageOfPage":{"@id":"https:\/\/paratex.ca\/es\/produit\/sabana-encimera-euroescala-91-x-115-t-200-blanca\/#primaryimage"},"image":{"@id":"https:\/\/paratex.ca\/es\/produit\/sabana-encimera-euroescala-91-x-115-t-200-blanca\/#primaryimage"},"thumbnailUrl":"https:\/\/paratex.ca\/wp-content\/uploads\/2024\/11\/drap_plat_queen_eurocale_91_x_115_t_200_blanc.jpg","datePublished":"2024-11-16T22:55:06+00:00","description":"S\u00c1BANA ENCIMERA EUROESCALA 91 X 115 T-200 BLANCA","breadcrumb":{"@id":"https:\/\/paratex.ca\/es\/produit\/sabana-encimera-euroescala-91-x-115-t-200-blanca\/#breadcrumb"},"inLanguage":"es","potentialAction":[{"@type":"ReadAction","target":["https:\/\/paratex.ca\/es\/produit\/sabana-encimera-euroescala-91-x-115-t-200-blanca\/"]}]},{"@type":"ImageObject","inLanguage":"es","@id":"https:\/\/paratex.ca\/es\/produit\/sabana-encimera-euroescala-91-x-115-t-200-blanca\/#primaryimage","url":"https:\/\/paratex.ca\/wp-content\/uploads\/2024\/11\/drap_plat_queen_eurocale_91_x_115_t_200_blanc.jpg","contentUrl":"https:\/\/paratex.ca\/wp-content\/uploads\/2024\/11\/drap_plat_queen_eurocale_91_x_115_t_200_blanc.jpg","width":1200,"height":976,"caption":"S\u00c1BANA ENCIMERA EUROESCALA 91 X 115 T-200 BLANCA"},{"@type":"BreadcrumbList","@id":"https:\/\/paratex.ca\/es\/produit\/sabana-encimera-euroescala-91-x-115-t-200-blanca\/#breadcrumb","itemListElement":[{"@type":"ListItem","position":1,"name":"Accueil","item":"https:\/\/paratex.ca\/es\/"},{"@type":"ListItem","position":2,"name":"Tienda","item":"https:\/\/paratex.ca\/es\/tienda\/"},{"@type":"ListItem","position":3,"name":"S\u00c1BANA ENCIMERA EUROESCALA 91 X 115 T-200 BLANCA"}]},{"@type":"WebSite","@id":"https:\/\/paratex.ca\/es\/#website","url":"https:\/\/paratex.ca\/es\/","name":"Paratex","description":"Distributeur de produits h\u00f4teliers","publisher":{"@id":"https:\/\/paratex.ca\/es\/#organization"},"potentialAction":[{"@type":"SearchAction","target":{"@type":"EntryPoint","urlTemplate":"https:\/\/paratex.ca\/es\/?s={search_term_string}"},"query-input":{"@type":"PropertyValueSpecification","valueRequired":true,"valueName":"search_term_string"}}],"inLanguage":"es"},{"@type":"Organization","@id":"https:\/\/paratex.ca\/es\/#organization","name":"Paratex, Distributeur de produits h\u00f4teliers","url":"https:\/\/paratex.ca\/es\/","logo":{"@type":"ImageObject","inLanguage":"es","@id":"https:\/\/paratex.ca\/es\/#\/schema\/logo\/image\/","url":"https:\/\/paratex.ca\/wp-content\/uploads\/2024\/12\/open-graph-paratex.jpg","contentUrl":"https:\/\/paratex.ca\/wp-content\/uploads\/2024\/12\/open-graph-paratex.jpg","width":1200,"height":600,"caption":"Paratex, Distributeur de produits h\u00f4teliers"},"image":{"@id":"https:\/\/paratex.ca\/es\/#\/schema\/logo\/image\/"}}]}},"_links":{"self":[{"href":"https:\/\/paratex.ca\/es\/wp-json\/wp\/v2\/product\/5900","targetHints":{"allow":["GET"]}}],"collection":[{"href":"https:\/\/paratex.ca\/es\/wp-json\/wp\/v2\/product"}],"about":[{"href":"https:\/\/paratex.ca\/es\/wp-json\/wp\/v2\/types\/product"}],"wp:featuredmedia":[{"embeddable":true,"href":"https:\/\/paratex.ca\/es\/wp-json\/wp\/v2\/media\/4877"}],"wp:attachment":[{"href":"https:\/\/paratex.ca\/es\/wp-json\/wp\/v2\/media?parent=5900"}],"wp:term":[{"taxonomy":"product_brand","embeddable":true,"href":"https:\/\/paratex.ca\/es\/wp-json\/wp\/v2\/product_brand?post=5900"},{"taxonomy":"product_cat","embeddable":true,"href":"https:\/\/paratex.ca\/es\/wp-json\/wp\/v2\/product_cat?post=5900"},{"taxonomy":"product_tag","embeddable":true,"href":"https:\/\/paratex.ca\/es\/wp-json\/wp\/v2\/product_tag?post=5900"}],"curies":[{"name":"wp","href":"https:\/\/api.w.org\/{rel}","templated":true}]}}