{"id":5876,"date":"2024-11-16T18:14:09","date_gmt":"2024-11-16T23:14:09","guid":{"rendered":"https:\/\/paratex.ca\/produit\/funda-de-almohada-con-fuelle-260-hilos-exterior-100-algodon\/"},"modified":"2024-11-16T18:14:09","modified_gmt":"2024-11-16T23:14:09","slug":"funda-de-almohada-con-fuelle-260-hilos-exterior-100-algodon","status":"publish","type":"product","link":"https:\/\/paratex.ca\/es\/produit\/funda-de-almohada-con-fuelle-260-hilos-exterior-100-algodon\/","title":{"rendered":"Funda de almohada con fuelle, 260 hilos, exterior 100% algod\u00f3n"},"content":{"rendered":"<p>Funda de almohada con fuelle, 260 hilos, exterior de algod\u00f3n 100%, interior de pluma y plum\u00f3n (el plum\u00f3n se envuelve alrededor del n\u00facleo de la pluma)<\/p>\n","protected":false},"excerpt":{"rendered":"<p>Funda de almohada con fuelle, 260 hilos, exterior de algod\u00f3n 100%, interior de pluma y plum\u00f3n (el plum\u00f3n se envuelve alrededor del n\u00facleo de la pluma)<\/p>\n","protected":false},"featured_media":4897,"template":"","meta":[],"product_brand":[],"product_cat":[125,115],"product_tag":[],"class_list":{"0":"post-5876","1":"product","2":"type-product","3":"status-publish","4":"has-post-thumbnail","6":"product_cat-almohadas","7":"product_cat-recamara","9":"first","10":"instock","11":"shipping-taxable","12":"purchasable","13":"product-type-variable"},"yoast_head":"<!-- This site is optimized with the Yoast SEO plugin v27.4 - https:\/\/yoast.com\/product\/yoast-seo-wordpress\/ -->\n<title>Funda de almohada con fuelle, 260 hilos, exterior 100% algod\u00f3n - Paratex<\/title>\n<meta name=\"description\" content=\"Funda de almohada con fuelle PDC Pillows, pluma y plum\u00f3n 260 hilos, exterior 100&quot;% algod\u00f3n\" \/>\n<meta name=\"robots\" content=\"index, follow, max-snippet:-1, max-image-preview:large, max-video-preview:-1\" \/>\n<link rel=\"canonical\" href=\"https:\/\/paratex.ca\/es\/produit\/funda-de-almohada-con-fuelle-260-hilos-exterior-100-algodon\/\" \/>\n<meta property=\"og:locale\" content=\"es_ES\" \/>\n<meta property=\"og:type\" content=\"article\" \/>\n<meta property=\"og:title\" content=\"Funda de almohada con fuelle PDC Pillows, pluma y plum\u00f3n 260 hilos, exterior 100&quot;% algod\u00f3n\" \/>\n<meta property=\"og:description\" content=\"Funda de almohada con fuelle PDC Pillows, pluma y plum\u00f3n 260 hilos, exterior 100&quot;% algod\u00f3n\" \/>\n<meta property=\"og:url\" content=\"https:\/\/paratex.ca\/es\/produit\/funda-de-almohada-con-fuelle-260-hilos-exterior-100-algodon\/\" \/>\n<meta property=\"og:site_name\" content=\"Paratex\" \/>\n<meta property=\"og:image\" content=\"https:\/\/paratex.ca\/wp-content\/uploads\/2024\/11\/oreillers_pdc_coquille_d_oreiller_a_soufflet_plumes_duvet_260_fils_po_carre_exter_100_coton1.jpg\" \/>\n\t<meta property=\"og:image:width\" content=\"1382\" \/>\n\t<meta property=\"og:image:height\" content=\"1000\" \/>\n\t<meta property=\"og:image:type\" content=\"image\/jpeg\" \/>\n<meta name=\"twitter:card\" content=\"summary_large_image\" \/>\n<script type=\"application\/ld+json\" class=\"yoast-schema-graph\">{\"@context\":\"https:\\\/\\\/schema.org\",\"@graph\":[{\"@type\":\"WebPage\",\"@id\":\"https:\\\/\\\/paratex.ca\\\/es\\\/produit\\\/funda-de-almohada-con-fuelle-260-hilos-exterior-100-algodon\\\/\",\"url\":\"https:\\\/\\\/paratex.ca\\\/es\\\/produit\\\/funda-de-almohada-con-fuelle-260-hilos-exterior-100-algodon\\\/\",\"name\":\"Funda de almohada con fuelle, 260 hilos, exterior 100% algod\u00f3n - Paratex\",\"isPartOf\":{\"@id\":\"https:\\\/\\\/paratex.ca\\\/es\\\/#website\"},\"primaryImageOfPage\":{\"@id\":\"https:\\\/\\\/paratex.ca\\\/es\\\/produit\\\/funda-de-almohada-con-fuelle-260-hilos-exterior-100-algodon\\\/#primaryimage\"},\"image\":{\"@id\":\"https:\\\/\\\/paratex.ca\\\/es\\\/produit\\\/funda-de-almohada-con-fuelle-260-hilos-exterior-100-algodon\\\/#primaryimage\"},\"thumbnailUrl\":\"https:\\\/\\\/paratex.ca\\\/wp-content\\\/uploads\\\/2024\\\/11\\\/oreillers_pdc_coquille_d_oreiller_a_soufflet_plumes_duvet_260_fils_po_carre_exter_100_coton1.jpg\",\"datePublished\":\"2024-11-16T23:14:09+00:00\",\"description\":\"Funda de almohada con fuelle PDC Pillows, pluma y plum\u00f3n 260 hilos, exterior 100\\\"% algod\u00f3n\",\"breadcrumb\":{\"@id\":\"https:\\\/\\\/paratex.ca\\\/es\\\/produit\\\/funda-de-almohada-con-fuelle-260-hilos-exterior-100-algodon\\\/#breadcrumb\"},\"inLanguage\":\"es\",\"potentialAction\":[{\"@type\":\"ReadAction\",\"target\":[\"https:\\\/\\\/paratex.ca\\\/es\\\/produit\\\/funda-de-almohada-con-fuelle-260-hilos-exterior-100-algodon\\\/\"]}]},{\"@type\":\"ImageObject\",\"inLanguage\":\"es\",\"@id\":\"https:\\\/\\\/paratex.ca\\\/es\\\/produit\\\/funda-de-almohada-con-fuelle-260-hilos-exterior-100-algodon\\\/#primaryimage\",\"url\":\"https:\\\/\\\/paratex.ca\\\/wp-content\\\/uploads\\\/2024\\\/11\\\/oreillers_pdc_coquille_d_oreiller_a_soufflet_plumes_duvet_260_fils_po_carre_exter_100_coton1.jpg\",\"contentUrl\":\"https:\\\/\\\/paratex.ca\\\/wp-content\\\/uploads\\\/2024\\\/11\\\/oreillers_pdc_coquille_d_oreiller_a_soufflet_plumes_duvet_260_fils_po_carre_exter_100_coton1.jpg\",\"width\":1382,\"height\":1000,\"caption\":\"Funda de almohada con fuelle PDC Pillows, pluma y plum\u00f3n 260 hilos, exterior 100\\\"% algod\u00f3n\"},{\"@type\":\"BreadcrumbList\",\"@id\":\"https:\\\/\\\/paratex.ca\\\/es\\\/produit\\\/funda-de-almohada-con-fuelle-260-hilos-exterior-100-algodon\\\/#breadcrumb\",\"itemListElement\":[{\"@type\":\"ListItem\",\"position\":1,\"name\":\"Accueil\",\"item\":\"https:\\\/\\\/paratex.ca\\\/es\\\/\"},{\"@type\":\"ListItem\",\"position\":2,\"name\":\"Tienda\",\"item\":\"https:\\\/\\\/paratex.ca\\\/es\\\/tienda\\\/\"},{\"@type\":\"ListItem\",\"position\":3,\"name\":\"Funda de almohada con fuelle, 260 hilos, exterior 100% algod\u00f3n\"}]},{\"@type\":\"WebSite\",\"@id\":\"https:\\\/\\\/paratex.ca\\\/es\\\/#website\",\"url\":\"https:\\\/\\\/paratex.ca\\\/es\\\/\",\"name\":\"Paratex\",\"description\":\"Distributeur de produits h\u00f4teliers\",\"publisher\":{\"@id\":\"https:\\\/\\\/paratex.ca\\\/es\\\/#organization\"},\"potentialAction\":[{\"@type\":\"SearchAction\",\"target\":{\"@type\":\"EntryPoint\",\"urlTemplate\":\"https:\\\/\\\/paratex.ca\\\/es\\\/?s={search_term_string}\"},\"query-input\":{\"@type\":\"PropertyValueSpecification\",\"valueRequired\":true,\"valueName\":\"search_term_string\"}}],\"inLanguage\":\"es\"},{\"@type\":\"Organization\",\"@id\":\"https:\\\/\\\/paratex.ca\\\/es\\\/#organization\",\"name\":\"Paratex, Distributeur de produits h\u00f4teliers\",\"url\":\"https:\\\/\\\/paratex.ca\\\/es\\\/\",\"logo\":{\"@type\":\"ImageObject\",\"inLanguage\":\"es\",\"@id\":\"https:\\\/\\\/paratex.ca\\\/es\\\/#\\\/schema\\\/logo\\\/image\\\/\",\"url\":\"https:\\\/\\\/paratex.ca\\\/wp-content\\\/uploads\\\/2024\\\/12\\\/open-graph-paratex.jpg\",\"contentUrl\":\"https:\\\/\\\/paratex.ca\\\/wp-content\\\/uploads\\\/2024\\\/12\\\/open-graph-paratex.jpg\",\"width\":1200,\"height\":600,\"caption\":\"Paratex, Distributeur de produits h\u00f4teliers\"},\"image\":{\"@id\":\"https:\\\/\\\/paratex.ca\\\/es\\\/#\\\/schema\\\/logo\\\/image\\\/\"}}]}<\/script>\n<!-- \/ Yoast SEO plugin. -->","yoast_head_json":{"title":"Funda de almohada con fuelle, 260 hilos, exterior 100% algod\u00f3n - Paratex","description":"Funda de almohada con fuelle PDC Pillows, pluma y plum\u00f3n 260 hilos, exterior 100\"% algod\u00f3n","robots":{"index":"index","follow":"follow","max-snippet":"max-snippet:-1","max-image-preview":"max-image-preview:large","max-video-preview":"max-video-preview:-1"},"canonical":"https:\/\/paratex.ca\/es\/produit\/funda-de-almohada-con-fuelle-260-hilos-exterior-100-algodon\/","og_locale":"es_ES","og_type":"article","og_title":"Funda de almohada con fuelle PDC Pillows, pluma y plum\u00f3n 260 hilos, exterior 100\"% algod\u00f3n","og_description":"Funda de almohada con fuelle PDC Pillows, pluma y plum\u00f3n 260 hilos, exterior 100\"% algod\u00f3n","og_url":"https:\/\/paratex.ca\/es\/produit\/funda-de-almohada-con-fuelle-260-hilos-exterior-100-algodon\/","og_site_name":"Paratex","og_image":[{"width":1382,"height":1000,"url":"https:\/\/paratex.ca\/wp-content\/uploads\/2024\/11\/oreillers_pdc_coquille_d_oreiller_a_soufflet_plumes_duvet_260_fils_po_carre_exter_100_coton1.jpg","type":"image\/jpeg"}],"twitter_card":"summary_large_image","schema":{"@context":"https:\/\/schema.org","@graph":[{"@type":"WebPage","@id":"https:\/\/paratex.ca\/es\/produit\/funda-de-almohada-con-fuelle-260-hilos-exterior-100-algodon\/","url":"https:\/\/paratex.ca\/es\/produit\/funda-de-almohada-con-fuelle-260-hilos-exterior-100-algodon\/","name":"Funda de almohada con fuelle, 260 hilos, exterior 100% algod\u00f3n - Paratex","isPartOf":{"@id":"https:\/\/paratex.ca\/es\/#website"},"primaryImageOfPage":{"@id":"https:\/\/paratex.ca\/es\/produit\/funda-de-almohada-con-fuelle-260-hilos-exterior-100-algodon\/#primaryimage"},"image":{"@id":"https:\/\/paratex.ca\/es\/produit\/funda-de-almohada-con-fuelle-260-hilos-exterior-100-algodon\/#primaryimage"},"thumbnailUrl":"https:\/\/paratex.ca\/wp-content\/uploads\/2024\/11\/oreillers_pdc_coquille_d_oreiller_a_soufflet_plumes_duvet_260_fils_po_carre_exter_100_coton1.jpg","datePublished":"2024-11-16T23:14:09+00:00","description":"Funda de almohada con fuelle PDC Pillows, pluma y plum\u00f3n 260 hilos, exterior 100\"% algod\u00f3n","breadcrumb":{"@id":"https:\/\/paratex.ca\/es\/produit\/funda-de-almohada-con-fuelle-260-hilos-exterior-100-algodon\/#breadcrumb"},"inLanguage":"es","potentialAction":[{"@type":"ReadAction","target":["https:\/\/paratex.ca\/es\/produit\/funda-de-almohada-con-fuelle-260-hilos-exterior-100-algodon\/"]}]},{"@type":"ImageObject","inLanguage":"es","@id":"https:\/\/paratex.ca\/es\/produit\/funda-de-almohada-con-fuelle-260-hilos-exterior-100-algodon\/#primaryimage","url":"https:\/\/paratex.ca\/wp-content\/uploads\/2024\/11\/oreillers_pdc_coquille_d_oreiller_a_soufflet_plumes_duvet_260_fils_po_carre_exter_100_coton1.jpg","contentUrl":"https:\/\/paratex.ca\/wp-content\/uploads\/2024\/11\/oreillers_pdc_coquille_d_oreiller_a_soufflet_plumes_duvet_260_fils_po_carre_exter_100_coton1.jpg","width":1382,"height":1000,"caption":"Funda de almohada con fuelle PDC Pillows, pluma y plum\u00f3n 260 hilos, exterior 100\"% algod\u00f3n"},{"@type":"BreadcrumbList","@id":"https:\/\/paratex.ca\/es\/produit\/funda-de-almohada-con-fuelle-260-hilos-exterior-100-algodon\/#breadcrumb","itemListElement":[{"@type":"ListItem","position":1,"name":"Accueil","item":"https:\/\/paratex.ca\/es\/"},{"@type":"ListItem","position":2,"name":"Tienda","item":"https:\/\/paratex.ca\/es\/tienda\/"},{"@type":"ListItem","position":3,"name":"Funda de almohada con fuelle, 260 hilos, exterior 100% algod\u00f3n"}]},{"@type":"WebSite","@id":"https:\/\/paratex.ca\/es\/#website","url":"https:\/\/paratex.ca\/es\/","name":"Paratex","description":"Distributeur de produits h\u00f4teliers","publisher":{"@id":"https:\/\/paratex.ca\/es\/#organization"},"potentialAction":[{"@type":"SearchAction","target":{"@type":"EntryPoint","urlTemplate":"https:\/\/paratex.ca\/es\/?s={search_term_string}"},"query-input":{"@type":"PropertyValueSpecification","valueRequired":true,"valueName":"search_term_string"}}],"inLanguage":"es"},{"@type":"Organization","@id":"https:\/\/paratex.ca\/es\/#organization","name":"Paratex, Distributeur de produits h\u00f4teliers","url":"https:\/\/paratex.ca\/es\/","logo":{"@type":"ImageObject","inLanguage":"es","@id":"https:\/\/paratex.ca\/es\/#\/schema\/logo\/image\/","url":"https:\/\/paratex.ca\/wp-content\/uploads\/2024\/12\/open-graph-paratex.jpg","contentUrl":"https:\/\/paratex.ca\/wp-content\/uploads\/2024\/12\/open-graph-paratex.jpg","width":1200,"height":600,"caption":"Paratex, Distributeur de produits h\u00f4teliers"},"image":{"@id":"https:\/\/paratex.ca\/es\/#\/schema\/logo\/image\/"}}]}},"_links":{"self":[{"href":"https:\/\/paratex.ca\/es\/wp-json\/wp\/v2\/product\/5876","targetHints":{"allow":["GET"]}}],"collection":[{"href":"https:\/\/paratex.ca\/es\/wp-json\/wp\/v2\/product"}],"about":[{"href":"https:\/\/paratex.ca\/es\/wp-json\/wp\/v2\/types\/product"}],"wp:featuredmedia":[{"embeddable":true,"href":"https:\/\/paratex.ca\/es\/wp-json\/wp\/v2\/media\/4897"}],"wp:attachment":[{"href":"https:\/\/paratex.ca\/es\/wp-json\/wp\/v2\/media?parent=5876"}],"wp:term":[{"taxonomy":"product_brand","embeddable":true,"href":"https:\/\/paratex.ca\/es\/wp-json\/wp\/v2\/product_brand?post=5876"},{"taxonomy":"product_cat","embeddable":true,"href":"https:\/\/paratex.ca\/es\/wp-json\/wp\/v2\/product_cat?post=5876"},{"taxonomy":"product_tag","embeddable":true,"href":"https:\/\/paratex.ca\/es\/wp-json\/wp\/v2\/product_tag?post=5876"}],"curies":[{"name":"wp","href":"https:\/\/api.w.org\/{rel}","templated":true}]}}