{"id":5871,"date":"2024-11-16T18:28:15","date_gmt":"2024-11-16T23:28:15","guid":{"rendered":"https:\/\/paratex.ca\/produit\/funda-de-colchon-contorno-exterior-t-200-50-50-poliester-algodon-relleno-100-poliester\/"},"modified":"2024-11-16T18:28:15","modified_gmt":"2024-11-16T23:28:15","slug":"funda-de-colchon-contorno-exterior-t-200-50-50-poliester-algodon-relleno-100-poliester","status":"publish","type":"product","link":"https:\/\/paratex.ca\/es\/produit\/funda-de-colchon-contorno-exterior-t-200-50-50-poliester-algodon-relleno-100-poliester\/","title":{"rendered":"Funda de colch\u00f3n CONTORNO exterior T-200 50\/50 poli\u00e9ster\/algod\u00f3n, relleno 100% poli\u00e9ster"},"content":{"rendered":"<p>Funda de colch\u00f3n contorno exterior T-200 50\/50 poli\u00e9ster\/algod\u00f3n, relleno 100% poli\u00e9ster Marque Eurocale<\/p>\n","protected":false},"excerpt":{"rendered":"<p>Funda de colch\u00f3n contorno exterior T-200 50\/50 poli\u00e9ster\/algod\u00f3n, relleno 100% poli\u00e9ster Marque Eurocale<\/p>\n","protected":false},"featured_media":4911,"template":"","meta":[],"product_brand":[],"product_cat":[118,115],"product_tag":[],"class_list":{"0":"post-5871","1":"product","2":"type-product","3":"status-publish","4":"has-post-thumbnail","6":"product_cat-cubresomieras","7":"product_cat-recamara","9":"first","10":"instock","11":"shipping-taxable","12":"purchasable","13":"product-type-variable"},"yoast_head":"<!-- This site is optimized with the Yoast SEO plugin v27.4 - https:\/\/yoast.com\/product\/yoast-seo-wordpress\/ -->\n<title>Funda de colch\u00f3n CONTORNO exterior T-200 50\/50 poli\u00e9ster\/algod\u00f3n, relleno 100% poli\u00e9ster - Paratex<\/title>\n<meta name=\"description\" content=\"Funda de colch\u00f3n CONTORNO exterior T-200 50\/50 poli\u00e9ster\/algod\u00f3n, relleno 100% poli\u00e9ster\" \/>\n<meta name=\"robots\" content=\"index, follow, max-snippet:-1, max-image-preview:large, max-video-preview:-1\" \/>\n<link rel=\"canonical\" href=\"https:\/\/paratex.ca\/es\/produit\/funda-de-colchon-contorno-exterior-t-200-50-50-poliester-algodon-relleno-100-poliester\/\" \/>\n<meta property=\"og:locale\" content=\"es_ES\" \/>\n<meta property=\"og:type\" content=\"article\" \/>\n<meta property=\"og:title\" content=\"Funda de colch\u00f3n CONTORNO exterior T-200 50\/50 poli\u00e9ster\/algod\u00f3n, relleno 100% poli\u00e9ster\" \/>\n<meta property=\"og:description\" content=\"Funda de colch\u00f3n CONTORNO exterior T-200 50\/50 poli\u00e9ster\/algod\u00f3n, relleno 100% poli\u00e9ster\" \/>\n<meta property=\"og:url\" content=\"https:\/\/paratex.ca\/es\/produit\/funda-de-colchon-contorno-exterior-t-200-50-50-poliester-algodon-relleno-100-poliester\/\" \/>\n<meta property=\"og:site_name\" content=\"Paratex\" \/>\n<meta property=\"og:image\" content=\"https:\/\/paratex.ca\/wp-content\/uploads\/2024\/11\/couvre_matelas_contour_exterieur_t_200_50_50_polyester_coton_bourrure_100_polyester6.jpg\" \/>\n\t<meta property=\"og:image:width\" content=\"1200\" \/>\n\t<meta property=\"og:image:height\" content=\"1087\" \/>\n\t<meta property=\"og:image:type\" content=\"image\/jpeg\" \/>\n<meta name=\"twitter:card\" content=\"summary_large_image\" \/>\n<script type=\"application\/ld+json\" class=\"yoast-schema-graph\">{\"@context\":\"https:\\\/\\\/schema.org\",\"@graph\":[{\"@type\":\"WebPage\",\"@id\":\"https:\\\/\\\/paratex.ca\\\/es\\\/produit\\\/funda-de-colchon-contorno-exterior-t-200-50-50-poliester-algodon-relleno-100-poliester\\\/\",\"url\":\"https:\\\/\\\/paratex.ca\\\/es\\\/produit\\\/funda-de-colchon-contorno-exterior-t-200-50-50-poliester-algodon-relleno-100-poliester\\\/\",\"name\":\"Funda de colch\u00f3n CONTORNO exterior T-200 50\\\/50 poli\u00e9ster\\\/algod\u00f3n, relleno 100% poli\u00e9ster - Paratex\",\"isPartOf\":{\"@id\":\"https:\\\/\\\/paratex.ca\\\/es\\\/#website\"},\"primaryImageOfPage\":{\"@id\":\"https:\\\/\\\/paratex.ca\\\/es\\\/produit\\\/funda-de-colchon-contorno-exterior-t-200-50-50-poliester-algodon-relleno-100-poliester\\\/#primaryimage\"},\"image\":{\"@id\":\"https:\\\/\\\/paratex.ca\\\/es\\\/produit\\\/funda-de-colchon-contorno-exterior-t-200-50-50-poliester-algodon-relleno-100-poliester\\\/#primaryimage\"},\"thumbnailUrl\":\"https:\\\/\\\/paratex.ca\\\/wp-content\\\/uploads\\\/2024\\\/11\\\/couvre_matelas_contour_exterieur_t_200_50_50_polyester_coton_bourrure_100_polyester6.jpg\",\"datePublished\":\"2024-11-16T23:28:15+00:00\",\"description\":\"Funda de colch\u00f3n CONTORNO exterior T-200 50\\\/50 poli\u00e9ster\\\/algod\u00f3n, relleno 100% poli\u00e9ster\",\"breadcrumb\":{\"@id\":\"https:\\\/\\\/paratex.ca\\\/es\\\/produit\\\/funda-de-colchon-contorno-exterior-t-200-50-50-poliester-algodon-relleno-100-poliester\\\/#breadcrumb\"},\"inLanguage\":\"es\",\"potentialAction\":[{\"@type\":\"ReadAction\",\"target\":[\"https:\\\/\\\/paratex.ca\\\/es\\\/produit\\\/funda-de-colchon-contorno-exterior-t-200-50-50-poliester-algodon-relleno-100-poliester\\\/\"]}]},{\"@type\":\"ImageObject\",\"inLanguage\":\"es\",\"@id\":\"https:\\\/\\\/paratex.ca\\\/es\\\/produit\\\/funda-de-colchon-contorno-exterior-t-200-50-50-poliester-algodon-relleno-100-poliester\\\/#primaryimage\",\"url\":\"https:\\\/\\\/paratex.ca\\\/wp-content\\\/uploads\\\/2024\\\/11\\\/couvre_matelas_contour_exterieur_t_200_50_50_polyester_coton_bourrure_100_polyester6.jpg\",\"contentUrl\":\"https:\\\/\\\/paratex.ca\\\/wp-content\\\/uploads\\\/2024\\\/11\\\/couvre_matelas_contour_exterieur_t_200_50_50_polyester_coton_bourrure_100_polyester6.jpg\",\"width\":1200,\"height\":1087,\"caption\":\"Funda de colch\u00f3n CONTORNO exterior T-200 50\\\/50 poli\u00e9ster\\\/algod\u00f3n, relleno 100% poli\u00e9ster\"},{\"@type\":\"BreadcrumbList\",\"@id\":\"https:\\\/\\\/paratex.ca\\\/es\\\/produit\\\/funda-de-colchon-contorno-exterior-t-200-50-50-poliester-algodon-relleno-100-poliester\\\/#breadcrumb\",\"itemListElement\":[{\"@type\":\"ListItem\",\"position\":1,\"name\":\"Accueil\",\"item\":\"https:\\\/\\\/paratex.ca\\\/es\\\/\"},{\"@type\":\"ListItem\",\"position\":2,\"name\":\"Tienda\",\"item\":\"https:\\\/\\\/paratex.ca\\\/es\\\/tienda\\\/\"},{\"@type\":\"ListItem\",\"position\":3,\"name\":\"Funda de colch\u00f3n CONTORNO exterior T-200 50\\\/50 poli\u00e9ster\\\/algod\u00f3n, relleno 100% poli\u00e9ster\"}]},{\"@type\":\"WebSite\",\"@id\":\"https:\\\/\\\/paratex.ca\\\/es\\\/#website\",\"url\":\"https:\\\/\\\/paratex.ca\\\/es\\\/\",\"name\":\"Paratex\",\"description\":\"Distributeur de produits h\u00f4teliers\",\"publisher\":{\"@id\":\"https:\\\/\\\/paratex.ca\\\/es\\\/#organization\"},\"potentialAction\":[{\"@type\":\"SearchAction\",\"target\":{\"@type\":\"EntryPoint\",\"urlTemplate\":\"https:\\\/\\\/paratex.ca\\\/es\\\/?s={search_term_string}\"},\"query-input\":{\"@type\":\"PropertyValueSpecification\",\"valueRequired\":true,\"valueName\":\"search_term_string\"}}],\"inLanguage\":\"es\"},{\"@type\":\"Organization\",\"@id\":\"https:\\\/\\\/paratex.ca\\\/es\\\/#organization\",\"name\":\"Paratex, Distributeur de produits h\u00f4teliers\",\"url\":\"https:\\\/\\\/paratex.ca\\\/es\\\/\",\"logo\":{\"@type\":\"ImageObject\",\"inLanguage\":\"es\",\"@id\":\"https:\\\/\\\/paratex.ca\\\/es\\\/#\\\/schema\\\/logo\\\/image\\\/\",\"url\":\"https:\\\/\\\/paratex.ca\\\/wp-content\\\/uploads\\\/2024\\\/12\\\/open-graph-paratex.jpg\",\"contentUrl\":\"https:\\\/\\\/paratex.ca\\\/wp-content\\\/uploads\\\/2024\\\/12\\\/open-graph-paratex.jpg\",\"width\":1200,\"height\":600,\"caption\":\"Paratex, Distributeur de produits h\u00f4teliers\"},\"image\":{\"@id\":\"https:\\\/\\\/paratex.ca\\\/es\\\/#\\\/schema\\\/logo\\\/image\\\/\"}}]}<\/script>\n<!-- \/ Yoast SEO plugin. -->","yoast_head_json":{"title":"Funda de colch\u00f3n CONTORNO exterior T-200 50\/50 poli\u00e9ster\/algod\u00f3n, relleno 100% poli\u00e9ster - Paratex","description":"Funda de colch\u00f3n CONTORNO exterior T-200 50\/50 poli\u00e9ster\/algod\u00f3n, relleno 100% poli\u00e9ster","robots":{"index":"index","follow":"follow","max-snippet":"max-snippet:-1","max-image-preview":"max-image-preview:large","max-video-preview":"max-video-preview:-1"},"canonical":"https:\/\/paratex.ca\/es\/produit\/funda-de-colchon-contorno-exterior-t-200-50-50-poliester-algodon-relleno-100-poliester\/","og_locale":"es_ES","og_type":"article","og_title":"Funda de colch\u00f3n CONTORNO exterior T-200 50\/50 poli\u00e9ster\/algod\u00f3n, relleno 100% poli\u00e9ster","og_description":"Funda de colch\u00f3n CONTORNO exterior T-200 50\/50 poli\u00e9ster\/algod\u00f3n, relleno 100% poli\u00e9ster","og_url":"https:\/\/paratex.ca\/es\/produit\/funda-de-colchon-contorno-exterior-t-200-50-50-poliester-algodon-relleno-100-poliester\/","og_site_name":"Paratex","og_image":[{"width":1200,"height":1087,"url":"https:\/\/paratex.ca\/wp-content\/uploads\/2024\/11\/couvre_matelas_contour_exterieur_t_200_50_50_polyester_coton_bourrure_100_polyester6.jpg","type":"image\/jpeg"}],"twitter_card":"summary_large_image","schema":{"@context":"https:\/\/schema.org","@graph":[{"@type":"WebPage","@id":"https:\/\/paratex.ca\/es\/produit\/funda-de-colchon-contorno-exterior-t-200-50-50-poliester-algodon-relleno-100-poliester\/","url":"https:\/\/paratex.ca\/es\/produit\/funda-de-colchon-contorno-exterior-t-200-50-50-poliester-algodon-relleno-100-poliester\/","name":"Funda de colch\u00f3n CONTORNO exterior T-200 50\/50 poli\u00e9ster\/algod\u00f3n, relleno 100% poli\u00e9ster - Paratex","isPartOf":{"@id":"https:\/\/paratex.ca\/es\/#website"},"primaryImageOfPage":{"@id":"https:\/\/paratex.ca\/es\/produit\/funda-de-colchon-contorno-exterior-t-200-50-50-poliester-algodon-relleno-100-poliester\/#primaryimage"},"image":{"@id":"https:\/\/paratex.ca\/es\/produit\/funda-de-colchon-contorno-exterior-t-200-50-50-poliester-algodon-relleno-100-poliester\/#primaryimage"},"thumbnailUrl":"https:\/\/paratex.ca\/wp-content\/uploads\/2024\/11\/couvre_matelas_contour_exterieur_t_200_50_50_polyester_coton_bourrure_100_polyester6.jpg","datePublished":"2024-11-16T23:28:15+00:00","description":"Funda de colch\u00f3n CONTORNO exterior T-200 50\/50 poli\u00e9ster\/algod\u00f3n, relleno 100% poli\u00e9ster","breadcrumb":{"@id":"https:\/\/paratex.ca\/es\/produit\/funda-de-colchon-contorno-exterior-t-200-50-50-poliester-algodon-relleno-100-poliester\/#breadcrumb"},"inLanguage":"es","potentialAction":[{"@type":"ReadAction","target":["https:\/\/paratex.ca\/es\/produit\/funda-de-colchon-contorno-exterior-t-200-50-50-poliester-algodon-relleno-100-poliester\/"]}]},{"@type":"ImageObject","inLanguage":"es","@id":"https:\/\/paratex.ca\/es\/produit\/funda-de-colchon-contorno-exterior-t-200-50-50-poliester-algodon-relleno-100-poliester\/#primaryimage","url":"https:\/\/paratex.ca\/wp-content\/uploads\/2024\/11\/couvre_matelas_contour_exterieur_t_200_50_50_polyester_coton_bourrure_100_polyester6.jpg","contentUrl":"https:\/\/paratex.ca\/wp-content\/uploads\/2024\/11\/couvre_matelas_contour_exterieur_t_200_50_50_polyester_coton_bourrure_100_polyester6.jpg","width":1200,"height":1087,"caption":"Funda de colch\u00f3n CONTORNO exterior T-200 50\/50 poli\u00e9ster\/algod\u00f3n, relleno 100% poli\u00e9ster"},{"@type":"BreadcrumbList","@id":"https:\/\/paratex.ca\/es\/produit\/funda-de-colchon-contorno-exterior-t-200-50-50-poliester-algodon-relleno-100-poliester\/#breadcrumb","itemListElement":[{"@type":"ListItem","position":1,"name":"Accueil","item":"https:\/\/paratex.ca\/es\/"},{"@type":"ListItem","position":2,"name":"Tienda","item":"https:\/\/paratex.ca\/es\/tienda\/"},{"@type":"ListItem","position":3,"name":"Funda de colch\u00f3n CONTORNO exterior T-200 50\/50 poli\u00e9ster\/algod\u00f3n, relleno 100% poli\u00e9ster"}]},{"@type":"WebSite","@id":"https:\/\/paratex.ca\/es\/#website","url":"https:\/\/paratex.ca\/es\/","name":"Paratex","description":"Distributeur de produits h\u00f4teliers","publisher":{"@id":"https:\/\/paratex.ca\/es\/#organization"},"potentialAction":[{"@type":"SearchAction","target":{"@type":"EntryPoint","urlTemplate":"https:\/\/paratex.ca\/es\/?s={search_term_string}"},"query-input":{"@type":"PropertyValueSpecification","valueRequired":true,"valueName":"search_term_string"}}],"inLanguage":"es"},{"@type":"Organization","@id":"https:\/\/paratex.ca\/es\/#organization","name":"Paratex, Distributeur de produits h\u00f4teliers","url":"https:\/\/paratex.ca\/es\/","logo":{"@type":"ImageObject","inLanguage":"es","@id":"https:\/\/paratex.ca\/es\/#\/schema\/logo\/image\/","url":"https:\/\/paratex.ca\/wp-content\/uploads\/2024\/12\/open-graph-paratex.jpg","contentUrl":"https:\/\/paratex.ca\/wp-content\/uploads\/2024\/12\/open-graph-paratex.jpg","width":1200,"height":600,"caption":"Paratex, Distributeur de produits h\u00f4teliers"},"image":{"@id":"https:\/\/paratex.ca\/es\/#\/schema\/logo\/image\/"}}]}},"_links":{"self":[{"href":"https:\/\/paratex.ca\/es\/wp-json\/wp\/v2\/product\/5871","targetHints":{"allow":["GET"]}}],"collection":[{"href":"https:\/\/paratex.ca\/es\/wp-json\/wp\/v2\/product"}],"about":[{"href":"https:\/\/paratex.ca\/es\/wp-json\/wp\/v2\/types\/product"}],"wp:featuredmedia":[{"embeddable":true,"href":"https:\/\/paratex.ca\/es\/wp-json\/wp\/v2\/media\/4911"}],"wp:attachment":[{"href":"https:\/\/paratex.ca\/es\/wp-json\/wp\/v2\/media?parent=5871"}],"wp:term":[{"taxonomy":"product_brand","embeddable":true,"href":"https:\/\/paratex.ca\/es\/wp-json\/wp\/v2\/product_brand?post=5871"},{"taxonomy":"product_cat","embeddable":true,"href":"https:\/\/paratex.ca\/es\/wp-json\/wp\/v2\/product_cat?post=5871"},{"taxonomy":"product_tag","embeddable":true,"href":"https:\/\/paratex.ca\/es\/wp-json\/wp\/v2\/product_tag?post=5871"}],"curies":[{"name":"wp","href":"https:\/\/api.w.org\/{rel}","templated":true}]}}